{"id":2528,"date":"2021-05-22T23:40:00","date_gmt":"2021-05-22T23:40:00","guid":{"rendered":"http:\/\/fhukserodruk.pl\/?page_id=2528"},"modified":"2021-05-25T08:10:17","modified_gmt":"2021-05-25T08:10:17","slug":"pomysl-i-wdrozenie","status":"publish","type":"page","link":"https:\/\/fhukserodruk.pl\/index.php\/pomysl-i-wdrozenie\/","title":{"rendered":"Pomys\u0142 i wdro\u017cenie"},"content":{"rendered":"\n<p><strong>Licencja:<\/strong><\/p>\n\n\n\n<p>Ten sklep zosta\u0142 wykonany przy u\u017cyciu oprogramowania WordPress .<\/p>\n\n\n\n<p>WordPress jest oprogramowaniem darmowym i o otwartym kodzie \u017ar\u00f3d\u0142owym, tworzonym przez spo\u0142eczno\u015b\u0107 rozproszon\u0105 po ca\u0142ym \u015bwiecie, sk\u0142adaj\u0105c\u0105 si\u0119 g\u0142\u00f3wnie z programist\u00f3w-wolontariuszy. WordPress jest rozpowszechniany na \u015bwiecie dzi\u0119ki swojej licencji \u2014 GPL<\/p>\n\n\n\n<p><strong>Licencja publiczna GNU<\/strong><br><br>Licencja, na podstawie kt\u00f3rej wydawane jest oprogramowanie WordPress, to GPLv2 (lub nowsza) wydana przez <a href=\"https:\/\/www.fsf.org\/\" target=\"_blank\" rel=\"noreferrer noopener\">Free Software Foundation<\/a>. Kopia licencji jest do\u0142\u0105czona do ka\u017cdej kopii WordPress, ale mo\u017cesz r\u00f3wnie\u017c przeczyta\u0107 tekst licencji <a href=\"https:\/\/www.gnu.org\/licenses\/old-licenses\/gpl-2.0.en.html\" target=\"_blank\" rel=\"noreferrer noopener\">tutaj<\/a>.<\/p>\n\n\n\n<p>Cz\u0119\u015b\u0107 tej licencji okre\u015bla wymagania dotycz\u0105ce dzie\u0142 pochodnych, takich jak wtyczki lub motywy. Pochodne kodu WordPress dziedzicz\u0105 licencj\u0119 GPL. <a href=\"https:\/\/www.drupal.org\/\" target=\"_blank\" rel=\"noreferrer noopener\">Drupal<\/a>, kt\u00f3ry ma tak\u0105 sam\u0105 licencj\u0119 GPL jak WordPress, ma <a href=\"https:\/\/www.drupal.org\/about\/licensing\" target=\"_blank\" rel=\"noreferrer noopener\">doskona\u0142\u0105 stron\u0119 dotycz\u0105c\u0105 licencjonowania<\/a>, poniewa\u017c dotyczy motyw\u00f3w i modu\u0142\u00f3w (ich s\u0142owo oznacza wtyczki).<\/p>\n\n\n\n<p>Istnieje pewna szara strefa prawna dotycz\u0105ca tego, co jest uwa\u017cane za dzie\u0142o pochodne, ale jeste\u015bmy przekonani, \u017ce wtyczki i motywy s\u0105 dzie\u0142ami pochodnymi, a zatem dziedzicz\u0105 licencj\u0119 GPL. Je\u015bli si\u0119 nie zgadzasz, mo\u017cesz zamiast tego rozwa\u017cy\u0107 platform\u0119 nieobj\u0119t\u0105 GPL, tak\u0105 jak <a href=\"https:\/\/docs.s9y.org\/\" target=\"_blank\" rel=\"noreferrer noopener\">Serendipity<\/a> (licencja BSD).<\/p>\n\n\n\n<p><strong>W\u0142a\u015bciciel<\/strong><\/p>\n\n\n\n<p>W\u0142a\u015bcicielem strony&nbsp; i sklepu internetowego <strong> <a href=\"https:\/\/fhukserodruk.pl\/\">www.fhukserodruk.pl<\/a><\/strong>&nbsp;&nbsp;jest:<\/p>\n\n\n\n<p><strong>FHU KSERO-DRUK Pawe\u0142 Ga\u0142a,<br>ul.Grota Roweckiego 1D,<br>42-224 Cz\u0119stochowa,<br>NIP: 9490632550<br>Tel: +48 698 397 044<\/strong><\/p>\n\n\n\n<p><strong><em>Informacje dotycz\u0105ce internetowego systemu rozstrzygania spor\u00f3w na podstawie art. 14 ust. 1 ODR (Internetowe rozstrzyganie spor\u00f3w):<\/em><\/strong><br>Komisja Europejska zapewnia konsumentom mo\u017cliwo\u015b\u0107 rozstrzygania spor\u00f3w w handlu internetowym zgodnie z art. 14 ust. 1 ODR (Internetowe rozstrzyganie spor\u00f3w), na jednej z platform. Platforma (http:\/\/ec.europa.eu\/consumers\/odr) s\u0142u\u017cy jako miejsce, gdzie konsumenci mog\u0105 pr\u00f3bowa\u0107 osi\u0105gn\u0105\u0107 pozas\u0105dowe porozumienia w sporach wynikaj\u0105cych z zakup\u00f3w oraz um\u00f3w na us\u0142ugi w Internecie.<\/p>\n","protected":false},"excerpt":{"rendered":"<p>Licencja: Ten sklep zosta\u0142 wykonany przy u\u017cyciu oprogramowania WordPress . WordPress jest oprogramowaniem darmowym i o otwartym kodzie \u017ar\u00f3d\u0142owym, tworzonym przez spo\u0142eczno\u015b\u0107 rozproszon\u0105 po ca\u0142ym \u015bwiecie, sk\u0142adaj\u0105c\u0105 si\u0119 g\u0142\u00f3wnie z programist\u00f3w-wolontariuszy. WordPress jest rozpowszechniany na \u015bwiecie dzi\u0119ki swojej licencji \u2014 GPL Licencja publiczna GNU Licencja, na podstawie kt\u00f3rej wydawane jest oprogramowanie WordPress, to GPLv2 (lub [&hellip;]<\/p>\n","protected":false},"author":1,"featured_media":0,"parent":0,"menu_order":0,"comment_status":"closed","ping_status":"closed","template":"","meta":{"site-sidebar-layout":"default","site-content-layout":"default","ast-site-content-layout":"","site-content-style":"default","site-sidebar-style":"default","ast-global-header-display":"","ast-banner-title-visibility":"","ast-main-header-display":"","ast-hfb-above-header-display":"","ast-hfb-below-header-display":"","ast-hfb-mobile-header-display":"","site-post-title":"","ast-breadcrumbs-content":"","ast-featured-img":"","footer-sml-layout":"","theme-transparent-header-meta":"default","adv-header-id-meta":"","stick-header-meta":"","header-above-stick-meta":"","header-main-stick-meta":"","header-below-stick-meta":"","astra-migrate-meta-layouts":"default","ast-page-background-enabled":"default","ast-page-background-meta":{"desktop":{"background-color":"","background-image":"","background-repeat":"repeat","background-position":"center center","background-size":"auto","background-attachment":"scroll","background-type":"","background-media":"","overlay-type":"","overlay-color":"","overlay-gradient":""},"tablet":{"background-color":"","background-image":"","background-repeat":"repeat","background-position":"center center","background-size":"auto","background-attachment":"scroll","background-type":"","background-media":"","overlay-type":"","overlay-color":"","overlay-gradient":""},"mobile":{"background-color":"","background-image":"","background-repeat":"repeat","background-position":"center center","background-size":"auto","background-attachment":"scroll","background-type":"","background-media":"","overlay-type":"","overlay-color":"","overlay-gradient":""}},"ast-content-background-meta":{"desktop":{"background-color":"var(--ast-global-color-5)","background-image":"","background-repeat":"repeat","background-position":"center center","background-size":"auto","background-attachment":"scroll","background-type":"","background-media":"","overlay-type":"","overlay-color":"","overlay-gradient":""},"tablet":{"background-color":"var(--ast-global-color-5)","background-image":"","background-repeat":"repeat","background-position":"center center","background-size":"auto","background-attachment":"scroll","background-type":"","background-media":"","overlay-type":"","overlay-color":"","overlay-gradient":""},"mobile":{"background-color":"var(--ast-global-color-5)","background-image":"","background-repeat":"repeat","background-position":"center center","background-size":"auto","background-attachment":"scroll","background-type":"","background-media":"","overlay-type":"","overlay-color":"","overlay-gradient":""}},"footnotes":""},"_links":{"self":[{"href":"https:\/\/fhukserodruk.pl\/index.php\/wp-json\/wp\/v2\/pages\/2528"}],"collection":[{"href":"https:\/\/fhukserodruk.pl\/index.php\/wp-json\/wp\/v2\/pages"}],"about":[{"href":"https:\/\/fhukserodruk.pl\/index.php\/wp-json\/wp\/v2\/types\/page"}],"author":[{"embeddable":true,"href":"https:\/\/fhukserodruk.pl\/index.php\/wp-json\/wp\/v2\/users\/1"}],"replies":[{"embeddable":true,"href":"https:\/\/fhukserodruk.pl\/index.php\/wp-json\/wp\/v2\/comments?post=2528"}],"version-history":[{"count":5,"href":"https:\/\/fhukserodruk.pl\/index.php\/wp-json\/wp\/v2\/pages\/2528\/revisions"}],"predecessor-version":[{"id":3103,"href":"https:\/\/fhukserodruk.pl\/index.php\/wp-json\/wp\/v2\/pages\/2528\/revisions\/3103"}],"wp:attachment":[{"href":"https:\/\/fhukserodruk.pl\/index.php\/wp-json\/wp\/v2\/media?parent=2528"}],"curies":[{"name":"wp","href":"https:\/\/api.w.org\/{rel}","templated":true}]}}