{"id":2589,"date":"2021-05-23T14:34:55","date_gmt":"2021-05-23T14:34:55","guid":{"rendered":"http:\/\/fhukserodruk.pl\/?page_id=2589"},"modified":"2021-05-25T08:29:40","modified_gmt":"2021-05-25T08:29:40","slug":"regulamin-sklepu","status":"publish","type":"page","link":"https:\/\/fhukserodruk.pl\/index.php\/regulamin-sklepu\/","title":{"rendered":"Regulamin sklepu"},"content":{"rendered":"\n<h2 class=\"wp-block-heading\"><strong>Regulamin sklepu internetowego <a rel=\"noreferrer noopener\" href=\"https:\/\/fhukserodruk.pl\/\" target=\"_blank\">https:\/\/fhukserodruk.pl<\/a><\/strong><\/h2>\n\n\n\n<p><strong>I. Warunki og\u00f3lne<\/strong><br><br><strong>1.<\/strong> Sklep internetowy, znajduj\u0105cy si\u0119 na stronie internetowej pod adresem <a rel=\"noreferrer noopener\" href=\"https:\/\/fhukserodruk.pl\" target=\"_blank\"><strong>https:\/\/fhukserodruk.pl<\/strong><\/a>\u00a0umo\u017cliwia dokonywanie zakup\u00f3w za po\u015brednictwem Internetu.<br><strong>2.<\/strong> Sklep <a rel=\"noreferrer noopener\" href=\"https:\/\/fhukserodruk.pl\/\" target=\"_blank\"><strong>https:\/\/fhukserodruk.pl<\/strong><\/a><a rel=\"noreferrer noopener\" href=\"https:\/\/fhukserodruk.pl\" target=\"_blank\"><strong> <\/strong><\/a>\u00a0jest prowadzony przez firm\u0119:<br><br><strong>FHU &#8220;KSERO-DRUK&#8221; Pawe\u0142 Ga\u0142a<\/strong><br><strong>42-224 Cz\u0119stochowa<\/strong><br><strong>ul.Grota Roweckiego 1D<\/strong><br><strong>kom. +48 698 397 044<\/strong><br><strong>E-mail:\u00a0kserodruk<a href=\"mailto:rita@rita.edu.pl\">@onet.pl<\/a><\/strong><br><strong>NIP: 9490632550 <\/strong><br><br><strong>3.<\/strong> Adres do korespondencji:\u00a0<br><br><strong>FHU &#8220;KSERO-DRUK&#8221; Pawe\u0142 Ga\u0142a<\/strong><br><strong>42-224 Cz\u0119stochowa<\/strong><br><strong>ul.Grota Roweckiego 1D<\/strong><br><strong>kom. +48 698 397 044<\/strong><br><strong>E-mail:\u00a0kserodruk<a href=\"mailto:rita@rita.edu.pl\">@onet.pl<\/a><\/strong><br><br><strong>4.<\/strong> Zakup w sklepie internetowym <a rel=\"noreferrer noopener\" href=\"https:\/\/fhukserodruk.pl\/\" target=\"_blank\"><strong>https:\/\/fhukserodruk.pl<\/strong><\/a> oznacza akceptacj\u0119 niniejszego regulaminu.<br><br><strong>II. Procedura sk\u0142adania i realizacji zam\u00f3wie\u0144<\/strong><br><br><strong>5.<\/strong> Zam\u00f3wienie mo\u017cna sk\u0142ada\u0107 za pomoc\u0105 funkcji dodania produktu do koszyka oraz nast\u0119pnie poprzez przycisk &#8220;Dodaj do koszyka&#8221;.<br>By mo\u017cna by\u0142o poprawnie przeprowadzi\u0107 procedur\u0119 zam\u00f3wienia, konieczne b\u0119dzie za\u0142o\u017cenie konta u\u017cytkownika, dzi\u0119ki kt\u00f3remu mo\u017cna tak\u017ce obserwowa\u0107 status realizacji zam\u00f3wienia.<br><strong>6.<\/strong> Podstawowym warunkiem realizacji dokonanych zakup\u00f3w jest prawid\u0142owe wype\u0142nienie danych teleadresowych wraz z poprawnym, istniej\u0105cym adresem e-mail i numerem telefonu pod kt\u00f3rym b\u0119dzie potwierdzi\u0107 z\u0142o\u017cenie zam\u00f3wienia. <br>Minimalna kwota zam\u00f3wienia to 20,00 z\u0142 i jest ona wymagana by m\u00f3c z\u0142o\u017cy\u0107 zam\u00f3wienie<br><strong>7.<\/strong> Zam\u00f3wienie mo\u017cna sk\u0142ada\u0107 24 godziny na dob\u0119 przez ca\u0142y rok. Zam\u00f3wienia z\u0142o\u017cone w dni powszednie po godz. 13:00, w soboty, niedziel\u0119 oraz \u015bwi\u0119ta &#8211; b\u0119d\u0105 realizowane nast\u0119pnego dnia roboczego.<br><strong>8.<\/strong> W przypadku wyst\u0105pienia okoliczno\u015bci uniemo\u017cliwiaj\u0105cych ca\u0142kowicie lub czasowo realizacj\u0119 z\u0142o\u017conego zam\u00f3wienia, FHU &#8220;KSER-DRUK&#8221; zastrzega sobie prawo do wstrzymania realizacji zam\u00f3wienia &#8211; o zaistnia\u0142ej sytuacji zobowi\u0105zuje si\u0119 niezw\u0142ocznie powiadomi\u0107 Zamawiaj\u0105cego.<br><strong>9.<\/strong> Zam\u00f3wienia w kt\u00f3rych nieprawid\u0142owo wype\u0142niono dane teleadresowe ( nieistniej\u0105cy <br>e-mail, lub brak telefonu ) nie b\u0119d\u0105 rozpatrywane.<br><strong>10. <\/strong>FHU &#8220;KSERO-DRUK&#8221; zastrzega sobie prawo do wstrzymania zam\u00f3wie\u0144 wzbudzaj\u0105cych w\u0105tpliwo\u015bci.<br><strong>11.<\/strong> Ceny towar\u00f3w znajduj\u0105cych si\u0119 w sklepie internetowym<strong>\u00a0<a rel=\"noreferrer noopener\" href=\"https:\/\/fhukserodruk.pl\/\" target=\"_blank\">https:\/\/fhukserodruk.pl<\/a><\/strong>\u00a0 s\u0105 podane w z\u0142otych polskich i zawieraj\u0105 VAT (ceny brutto).<br><strong>12.<\/strong> Wyb\u00f3r formy p\u0142atno\u015bci got\u00f3wk\u0105 przy odbiorze dotyczy tylko towar\u00f3w dostarczanych bezpo\u015brednio przez FHU &#8220;KSERO-DRUK&#8221;.<br><strong>13.<\/strong> Wysy\u0142ka zakupionego towaru nast\u0119puje po otrzymaniu wp\u0142aty na konto FHU &#8220;KSERO-DRUK&#8221;.<br><strong>14.<\/strong> FHU &#8220;KSERO-DRUK&#8221; wystawia paragon lub faktur\u0119 VAT na zakupiony towar. Aby otrzyma\u0107 faktur\u0119 VAT nale\u017cy poprawnie wype\u0142ni\u0107 dane firmy wraz z NIP.<br><strong>15.<\/strong> Przy zakupie przez sklep internetowy firma prowadzi tylko sprzeda\u017c wysy\u0142kow\u0105 lub z dostaw\u0105, nie ma mo\u017cliwo\u015bci indywidualnego odbioru zakupionego towaru. Klientom\u00a0z Cz\u0119stochowy i okolic,\u00a0FHU &#8220;KSERO-DRUK&#8221; zapewniamy bezp\u0142atn\u0105 dostaw\u0119 zakupionych artyku\u0142\u00f3w.\u00a0<br><br><strong>III. Bony rabatowe<\/strong><br><br><strong>16.<\/strong> Bony rabatowe\u00a0realizujemy\u00a0w nast\u0119puj\u0105cy spos\u00f3b:<br>\u00a0&#8211;\u00a0po wybraniu interesuj\u0105cych nas towar\u00f3w i umieszczeniu w koszyku zakup\u00f3w\u00a0 a przed realizacj\u0105 zam\u00f3wienia, wybieramy\u00a0opcj\u0119 &#8220;<strong>Koszyk<\/strong>&#8221;\u00a0gdzie powy\u017cszy kod bonu\u00a0nale\u017cy wpisa\u0107\u00a0w polu &#8220;<strong>Bon rabatowy<\/strong>&#8221;\u00a0 i wybra\u0107 przycisk &#8220;<strong>Dodaj<\/strong>&#8221; . System sam przeliczy koszt naszych zakup\u00f3w z uwzgl\u0119dnieniem przyznanego rabatu.<br>\u00a0<strong>17.<\/strong> Przyznany kod rabatowy nie dotyczy zakupu towar\u00f3w ju\u017c obj\u0119tych promocj\u0105. Nie ma \u0142\u0105czenia promocji. Bon rabatowy sumuje si\u0119 z rabatem uzyskanym z programu lojalno\u015bciowego. Bon rabatowy nie ma ograniczenia w ilo\u015bci kupowanych towar\u00f3w, jedynie ogranicza go czas wa\u017cno\u015bci.<br><br><strong>IV. Punkty lojalno\u015bciowe<\/strong><br><br><strong>18.<\/strong> W przypadku akcji reklamowej sponsorowanej przez producenta lub krajowego dystrybutora dokonuj\u0105c zakup\u00f3w w ramach program lojalno\u015bciowy automatycznie przelicza si\u0119 zakupy na punkty, kt\u00f3re mo\u017cna zamieni\u0107 na bony rabatowe np. 20z\u0142 zakup\u00f3w to 1pkt.\u00a0B\u0119d\u0105c zarejestrowanym klientem sklepu internetowego<strong> <a rel=\"noreferrer noopener\" href=\"https:\/\/fhukserodruk.pl\/\" target=\"_blank\">https:\/\/fhukserodruk.pl<\/a><\/strong> obs\u0142ug\u0119 programu lojalno\u015bciowego prowadzimy z poziomu menu u\u017cytkownika po zalogowaniu si\u0119 do sklepu. W przypadku funkcjonowania takiego programu w menu u\u017cytkownika pojawi si\u0119 opcja obs\u0142ugi bonu rabatowego.<br>Funkcja ta jest jednak dost\u0119pna po zrealizowaniu zakup\u00f3w, czyli po otrzymaniu zap\u0142aty przez FHU &#8220;KSERO-DRUK&#8221; i dostawy towaru do klienta.<br><strong>19.<\/strong> Kod bonu towarowego z programu lojalno\u015bciowego mo\u017cemy wykorzysta\u0107 tylko jeden raz w ci\u0105gu roku od dnia zakup\u00f3w. Koszty dostawy, je\u017celi wyst\u0119puj\u0105, nie s\u0105 wliczane do programu lojalno\u015bciowego.<br><strong>20.<\/strong> Uczestnik Programu zobowi\u0105zany jest do samodzielnego rozliczenia si\u0119 z podatku nale\u017cnego z tytu\u0142u otrzymania nagrody zgodnie z obowi\u0105zuj\u0105cymi przepisami prawa.<br><br><strong>V. Odst\u0105pienie od umowy<\/strong><br><br><strong>21.<\/strong> Kupuj\u0105cy mo\u017ce odst\u0105pi\u0107 od umowy kupna sprzeda\u017cy bez podania przyczyny w terminie 14 dni od daty jej zawarcia, pod warunkiem z\u0142o\u017cenia o\u015bwiadczenia o odst\u0105pieniu od umowy kupna sprzeda\u017cy na adres Sprzedaj\u0105cego. W przypadku skutecznego odst\u0105pienia od umowy, Kupuj\u0105cy zobowi\u0105zany jest\u00a0do zwrotu zakupionego towaru w stanie niezmienionym w terminie 14 dni od daty odst\u0105pienia\u00a0od umowy. Kupuj\u0105cy dokonuje zwrotu na sw\u00f3j koszt lub  dostarczaj\u0105c towar osobi\u015bcie do siedziby firmy.<br><strong>22.<\/strong> Towar dostarczony do firmy w stanie naruszonym, uszkodzonym, \u015bwiadcz\u0105cy o u\u017cywaniu lub nie kompletny\u00a0nie podlega zwrotowi.<br><strong>23<\/strong>. W przypadku odst\u0105pienia przez\u00a0Kupuj\u0105cego od umowy kupna sprzeda\u017cy, towary zakupione\u00a0w cenie 1 z\u0142 lub innej cenie promocyjnej powinny by\u0107 zwr\u00f3cone Sprzedaj\u0105cemu w stanie niezmienionym.<br><strong>24.<\/strong> W przypadku odst\u0105pienia przez Kupuj\u0105cego od umowy kupna sprzeda\u017cy, Kupuj\u0105cy b\u0119dzie zobowi\u0105zany do zap\u0142aty aktualnej ceny rynkowej wskazanej konsumentowi przy zawarciu umowy za towary zakupione w cenie 1 z\u0142 lub w innej cenie promocyjnej, w przypadku gdy zostan\u0105 zwr\u00f3cone w stanie \u015bwiadcz\u0105cym o uszkodzeniu, u\u017cywaniu lub nie zostanie\u00a0zwr\u00f3cone w ca\u0142o\u015bci.<br><strong>25.<\/strong> Podstaw\u0105 do obci\u0105zenia aktualn\u0105 cen\u0105 rynkow\u0105 w powy\u017cszych wypadkach, dotycz\u0105cych sprzeda\u017cy promocyjnej, stanowi\u0107 b\u0119dzie wystawiona przez Sprzedaj\u0105cego faktura VAT.<\/p>\n\n\n\n<h3 class=\"has-text-align-center wp-block-heading\">Wz\u00f3r o\u015bwiadczenia o odst\u0105pieniu od umowy<\/h3>\n\n\n\n<p>O\u015bwiadczenie o odst\u0105pieniu od umowy z dnia &#8230;&#8230;&#8230;&#8230;&#8230;&#8230;&#8230;&#8230;&#8230;&#8230;. faktury nr &#8230;&#8230;&#8230;&#8230;&#8230;&#8230;&#8230;<\/p>\n\n\n\n<p>Ja ni\u017cej podpisany &#8230;&#8230;&#8230;&#8230;&#8230;&#8230;&#8230;&#8230;&#8230;&#8230;&#8230;&#8230;&#8230;&#8230;&#8230;&#8230;&#8230;&#8230;&#8230;&#8230;&#8230;&#8230;&#8230;&#8230;&#8230;&#8230;&#8230;&#8230;&#8230;&#8230;&#8230;&#8230;&#8230;&#8230;&#8230;..<\/p>\n\n\n\n<p>zamieszka\u0142y &#8230;&#8230;&#8230;&#8230;&#8230;&#8230;&#8230;&#8230;&#8230;&#8230;&#8230;&#8230;&#8230;&#8230;&#8230;&#8230;&#8230;&#8230;&#8230;&#8230;&#8230;&#8230;&#8230;&#8230;&#8230;&#8230;&#8230;&#8230;&#8230;&#8230;&#8230;&#8230;&#8230;&#8230;&#8230;&#8230;&#8230;&#8230;..<\/p>\n\n\n\n<p>nr telefonu &#8230;&#8230;&#8230;&#8230;&#8230;&#8230;&#8230;&#8230;&#8230;&#8230;. na podstawie art. 2 ust 1 ustawy z dnia 02 marca 2000 r. o ochronie niekt\u00f3rych praw konsumenta oraz odpowiedzialno\u015bci za szkod\u0119 wyrz\u0105dzon\u0105 przez produkt niebezpieczny ( Dz. U. nr 21 poz 271) odst\u0119puj\u0119 od umowy kupna przeda\u017cy z dnia &#8230;&#8230;&#8230;&#8230;&#8230;&#8230;&#8230;&#8230;&#8230;&#8230;&#8230;&#8230;&#8230;&#8230;.. potwierdzonej faktur\u0105&nbsp; &#8230;&#8230;&#8230;&#8230;&#8230;&#8230;&#8230;&#8230;&#8230;&#8230;&#8230;. w ca\u0142o\u015bci\/w cz\u0119\u015bci.<\/p>\n\n\n\n<p>&#8230;&#8230;&#8230;&#8230;&#8230;&#8230;&#8230;&#8230;&#8230;&#8230;&#8230;&#8230;&#8230;&#8230;&#8230;&#8230;&#8230;&#8230;&#8230;&#8230;&#8230;&#8230;&#8230;&#8230;&#8230;&#8230;&#8230;&#8230;&#8230;&#8230;&#8230;&#8230;&#8230;&#8230;&#8230;&#8230;&#8230;&#8230;&#8230;&#8230;&#8230;&#8230;&#8230;&#8230;.<\/p>\n\n\n\n<p>&#8230;&#8230;&#8230;&#8230;&#8230;&#8230;&#8230;&#8230;&#8230;&#8230;&#8230;&#8230;&#8230;&#8230;&#8230;&#8230;&#8230;&#8230;&#8230;&#8230;&#8230;&#8230;&#8230;&#8230;&#8230;&#8230;&#8230;&#8230;&#8230;&#8230;&#8230;&#8230;&#8230;&#8230;&#8230;&#8230;&#8230;&#8230;&#8230;&#8230;&#8230;&#8230;&#8230;&#8230;.<\/p>\n\n\n\n<p><em>&nbsp;&nbsp; ( wymieni\u0107 towary, kt\u00f3re ma&nbsp;obejmowa\u0107 odst\u0105pienie od umowy )<\/em><\/p>\n\n\n\n<p>Zobowi\u0105zuj\u0119 si\u0119 dostarczy\u0107 w\/w towar w stanie niezmienionym,&nbsp; w terminie 14 dni od daty odst\u0105pienia od umowy kupna sprzeda\u017cy, osobi\u015bcie do siedziby firmy w Cz\u0119stochowie, ul.Grota Roweckiego 1DF.<\/p>\n\n\n\n<p>&nbsp;&nbsp;&nbsp;&nbsp;&nbsp;&nbsp;&nbsp;&nbsp;&nbsp;&nbsp;&nbsp;&nbsp;&nbsp;&nbsp;&nbsp;&nbsp;&nbsp;&nbsp;&nbsp;&nbsp;&nbsp;&nbsp;&nbsp;&nbsp;&nbsp;&nbsp;&nbsp;&nbsp;&nbsp;&nbsp;&nbsp;&nbsp;&nbsp;&nbsp;&nbsp;&nbsp;&nbsp;&nbsp;&nbsp;&nbsp;&nbsp;&nbsp;&nbsp; &#8230;&#8230;&#8230;&#8230;&#8230;&#8230;&#8230;&#8230;&#8230;&#8230;&#8230;&#8230;&#8230;&#8230;&#8230;&#8230;&#8230;&#8230;&#8230;&#8230;&#8230;&#8230;&#8230;&#8230;&#8230;..<\/p>\n\n\n\n<p><em>&nbsp;&nbsp;&nbsp;&nbsp;&nbsp;&nbsp;&nbsp;&nbsp;&nbsp;&nbsp;&nbsp;&nbsp;&nbsp;&nbsp;&nbsp;&nbsp;&nbsp;&nbsp;&nbsp;&nbsp;&nbsp;&nbsp;&nbsp;&nbsp;&nbsp;&nbsp;&nbsp;&nbsp;&nbsp;&nbsp;&nbsp;&nbsp; ( podpis kupuj\u0105cego &#8211; taki jak na umowie kupna sprzeda\u017cy &#8211; faktury)<\/em><\/p>\n","protected":false},"excerpt":{"rendered":"<p>Regulamin sklepu internetowego https:\/\/fhukserodruk.pl I. Warunki og\u00f3lne 1. Sklep internetowy, znajduj\u0105cy si\u0119 na stronie internetowej pod adresem https:\/\/fhukserodruk.pl\u00a0umo\u017cliwia dokonywanie zakup\u00f3w za po\u015brednictwem Internetu.2. Sklep https:\/\/fhukserodruk.pl \u00a0jest prowadzony przez firm\u0119: FHU &#8220;KSERO-DRUK&#8221; Pawe\u0142 Ga\u0142a42-224 Cz\u0119stochowaul.Grota Roweckiego 1Dkom. +48 698 397 044E-mail:\u00a0kserodruk@onet.plNIP: 9490632550 3. Adres do korespondencji:\u00a0 FHU &#8220;KSERO-DRUK&#8221; Pawe\u0142 Ga\u0142a42-224 Cz\u0119stochowaul.Grota Roweckiego 1Dkom. +48 698 397 [&hellip;]<\/p>\n","protected":false},"author":1,"featured_media":0,"parent":0,"menu_order":0,"comment_status":"closed","ping_status":"closed","template":"","meta":{"site-sidebar-layout":"default","site-content-layout":"default","ast-site-content-layout":"","site-content-style":"default","site-sidebar-style":"default","ast-global-header-display":"","ast-banner-title-visibility":"","ast-main-header-display":"","ast-hfb-above-header-display":"","ast-hfb-below-header-display":"","ast-hfb-mobile-header-display":"","site-post-title":"","ast-breadcrumbs-content":"","ast-featured-img":"","footer-sml-layout":"","theme-transparent-header-meta":"default","adv-header-id-meta":"","stick-header-meta":"","header-above-stick-meta":"","header-main-stick-meta":"","header-below-stick-meta":"","astra-migrate-meta-layouts":"default","ast-page-background-enabled":"default","ast-page-background-meta":{"desktop":{"background-color":"","background-image":"","background-repeat":"repeat","background-position":"center center","background-size":"auto","background-attachment":"scroll","background-type":"","background-media":"","overlay-type":"","overlay-color":"","overlay-gradient":""},"tablet":{"background-color":"","background-image":"","background-repeat":"repeat","background-position":"center center","background-size":"auto","background-attachment":"scroll","background-type":"","background-media":"","overlay-type":"","overlay-color":"","overlay-gradient":""},"mobile":{"background-color":"","background-image":"","background-repeat":"repeat","background-position":"center center","background-size":"auto","background-attachment":"scroll","background-type":"","background-media":"","overlay-type":"","overlay-color":"","overlay-gradient":""}},"ast-content-background-meta":{"desktop":{"background-color":"var(--ast-global-color-5)","background-image":"","background-repeat":"repeat","background-position":"center center","background-size":"auto","background-attachment":"scroll","background-type":"","background-media":"","overlay-type":"","overlay-color":"","overlay-gradient":""},"tablet":{"background-color":"var(--ast-global-color-5)","background-image":"","background-repeat":"repeat","background-position":"center center","background-size":"auto","background-attachment":"scroll","background-type":"","background-media":"","overlay-type":"","overlay-color":"","overlay-gradient":""},"mobile":{"background-color":"var(--ast-global-color-5)","background-image":"","background-repeat":"repeat","background-position":"center center","background-size":"auto","background-attachment":"scroll","background-type":"","background-media":"","overlay-type":"","overlay-color":"","overlay-gradient":""}},"footnotes":""},"_links":{"self":[{"href":"https:\/\/fhukserodruk.pl\/index.php\/wp-json\/wp\/v2\/pages\/2589"}],"collection":[{"href":"https:\/\/fhukserodruk.pl\/index.php\/wp-json\/wp\/v2\/pages"}],"about":[{"href":"https:\/\/fhukserodruk.pl\/index.php\/wp-json\/wp\/v2\/types\/page"}],"author":[{"embeddable":true,"href":"https:\/\/fhukserodruk.pl\/index.php\/wp-json\/wp\/v2\/users\/1"}],"replies":[{"embeddable":true,"href":"https:\/\/fhukserodruk.pl\/index.php\/wp-json\/wp\/v2\/comments?post=2589"}],"version-history":[{"count":10,"href":"https:\/\/fhukserodruk.pl\/index.php\/wp-json\/wp\/v2\/pages\/2589\/revisions"}],"predecessor-version":[{"id":3111,"href":"https:\/\/fhukserodruk.pl\/index.php\/wp-json\/wp\/v2\/pages\/2589\/revisions\/3111"}],"wp:attachment":[{"href":"https:\/\/fhukserodruk.pl\/index.php\/wp-json\/wp\/v2\/media?parent=2589"}],"curies":[{"name":"wp","href":"https:\/\/api.w.org\/{rel}","templated":true}]}}