{"id":2939,"date":"2021-05-24T12:52:38","date_gmt":"2021-05-24T12:52:38","guid":{"rendered":"http:\/\/fhukserodruk.pl\/?page_id=2939"},"modified":"2021-05-25T11:24:28","modified_gmt":"2021-05-25T11:24:28","slug":"wysylka-i-platnosci","status":"publish","type":"page","link":"https:\/\/fhukserodruk.pl\/index.php\/wysylka-i-platnosci\/","title":{"rendered":"Wysy\u0142ka i p\u0142atno\u015bci"},"content":{"rendered":"\t\t<div data-elementor-type=\"wp-page\" data-elementor-id=\"2939\" class=\"elementor elementor-2939\">\n\t\t\t\t\t\t\t\t\t<section class=\"elementor-section elementor-top-section elementor-element elementor-element-4f63aec0 elementor-section-boxed elementor-section-height-default elementor-section-height-default\" data-id=\"4f63aec0\" data-element_type=\"section\">\n\t\t\t\t\t\t<div class=\"elementor-container elementor-column-gap-default\">\n\t\t\t\t\t<div class=\"elementor-column elementor-col-100 elementor-top-column elementor-element elementor-element-34150453\" data-id=\"34150453\" data-element_type=\"column\">\n\t\t\t<div class=\"elementor-widget-wrap elementor-element-populated\">\n\t\t\t\t\t\t\t\t<div class=\"elementor-element elementor-element-65ff5308 elementor-widget elementor-widget-text-editor\" data-id=\"65ff5308\" data-element_type=\"widget\" data-widget_type=\"text-editor.default\">\n\t\t\t\t<div class=\"elementor-widget-container\">\n\t\t\t\t\t\t\t<!-- wp:heading --><!-- \/wp:heading --><!-- wp:paragraph -->\n<p><strong><br \/>Wysy\u0142ka Twojej paczki<\/strong><br \/><br \/>Generalnie paczki s\u0105 nadawane w ci\u0105gu 3 dni (roboczych) od momentu otrzymania potwierdzenia wp\u0142ywu p\u0142atno\u015bci na konto FHU KSERO-DRUK Pawe\u0142 Ga\u0142a.<br \/>Op\u0142aty za wysy\u0142k\u0119 oraz opakowanie s\u0105 wliczone w koszty wysy\u0142ki.<br \/>Koszty transportu mog\u0105 ulec zmianie ze wzgl\u0119du na wag\u0119 przesy\u0142ki. Doradzamy zebra\u0107 kilka produkt\u00f3w w jednym zam\u00f3wieniu aby unikn\u0105\u0107 powielania koszt\u00f3w transportu. Nie mo\u017cemy grupowa\u0107 dw\u00f3ch osobnych zam\u00f3wie\u0144 dlatego koszty wysy\u0142ki s\u0105 doliczane do ka\u017cdego zam\u00f3wienia osobno.<br \/>Opakowania s\u0105 odpowiednich rozmiar\u00f3w i zgodne z zaleceniami producent\u00f3w, dlatego twoje produkty s\u0105 dobrze zabezpieczone. FHU KSERO-DRUK Pawe\u0142 Ga\u0142a dostarcza przesy\u0142k\u0119 za po\u015brednictwem profesjonalnego przewo\u017anika i nie odpowiada za op\u00f3\u017anienia w dostawie wynikaj\u0105ce z dzia\u0142a\u0144, b\u0105d\u017a zaniecha\u0144 przewo\u017anika &#8211; firmy kurierskiej lub Poczty Polskiej. Do prawid\u0142owego odbioru przesy\u0142ki wymagana jest obecno\u015b\u0107 pod adresem dostawy osoby do tego upowa\u017cnionej dysponuj\u0105cej dokumentem to\u017csamo\u015bci &#8211; sk\u0142adaj\u0105cego zam\u00f3wienie, b\u0105d\u017a dzia\u0142aj\u0105cej w jej imieniu.<br \/>FHU KSERO-DRUK Pawe\u0142 Ga\u0142a zapewnia, je\u017celi jest to mo\u017cliwe \u015bledzenie drogi przesy\u0142ki po jej wys\u0142aniu i kontrolowania stanu realizacji zam\u00f3wienia na stronie internetowej firmy kurierskiej. Jest to mo\u017cliwe po zalogowaniu si\u0119 na stronie firmy i podaniu numeru listu przewozowego przesy\u0142ki. Numer listu przewozowego oraz informacj\u0119 o wys\u0142aniu towaru Nabywca otrzymuje w dniu wys\u0142ania towaru &#8211; dot. firmy kurierskiej.<br \/>W przypadku stwierdzenia przez Nabywc\u0119 przy odbiorze uszkodze\u0144 mechanicznych zakupionego towaru (przesy\u0142ka jest uszkodzona lub niekompletna), Nabywca zobowi\u0105zany jest do naniesienia odpowiednich adnotacji w li\u015bcie przewozowym i uprawniony do odmowy przyj\u0119cia towaru. Brak adnotacji w li\u015bcie przewozowym co do stanu przesy\u0142ki oznacza, \u017ce dostarczony i wydany przez kuriera towar jest zgodny z zam\u00f3wieniem, by\u0142 kompletny i nie uszkodzony w chwili jego wydawania Nabywcy. Wskutek przyj\u0119cia przez Odbiorc\u0119 przesy\u0142ki bez zastrze\u017ce\u0144 wygasaj\u0105 wszelkie roszczenia przeciwko Firmy kurierskiej.<br \/><strong>UWAGA !<\/strong><br \/>W przypadku reklamacji, gdy reklamowane urz\u0105dzenie obj\u0119te jest gwarancj\u0105 w systemie door-to-door, przed wysy\u0142k\u0105 ustal z nami jej warunki.<br \/><br \/><span style=\"text-decoration: underline;\"><em><strong>KONTAKT:<\/strong><\/em><\/span><br \/><br \/>FHU KSERO-DRUK Pawe\u0142 Ga\u0142a<br \/>ul.Grota Roweckiego 1D,<br \/>42-224 Cz\u0119stochowa,<br \/>Polska<br \/>NIP: 9490632550<br \/>Tel: <strong>+48 698 397 044<\/strong><br \/>e-mail: <span style=\"color: #0000ff;\"><a style=\"color: #0000ff;\" href=\"mailto:kserodruk@onet.pl\" target=\"_blank\" rel=\"noreferrer noopener\">kserodruk@onet.pl<\/a><\/span><\/p>\n<!-- \/wp:paragraph -->\t\t\t\t\t\t<\/div>\n\t\t\t\t<\/div>\n\t\t\t\t\t<\/div>\n\t\t<\/div>\n\t\t\t\t\t\t\t<\/div>\n\t\t<\/section>\n\t\t\t\t<section class=\"elementor-section elementor-top-section elementor-element elementor-element-86513ef elementor-section-boxed elementor-section-height-default elementor-section-height-default\" data-id=\"86513ef\" data-element_type=\"section\" data-settings=\"{&quot;background_background&quot;:&quot;classic&quot;}\">\n\t\t\t\t\t\t<div class=\"elementor-container elementor-column-gap-default\">\n\t\t\t\t\t<div class=\"elementor-column elementor-col-100 elementor-top-column elementor-element elementor-element-c74d024\" data-id=\"c74d024\" data-element_type=\"column\">\n\t\t\t<div class=\"elementor-widget-wrap elementor-element-populated\">\n\t\t\t\t\t\t\t\t<section class=\"elementor-section elementor-inner-section elementor-element elementor-element-50f50c2 elementor-section-boxed elementor-section-height-default elementor-section-height-default\" data-id=\"50f50c2\" data-element_type=\"section\">\n\t\t\t\t\t\t<div class=\"elementor-container elementor-column-gap-default\">\n\t\t\t\t\t<div class=\"elementor-column elementor-col-25 elementor-inner-column elementor-element elementor-element-0688072\" data-id=\"0688072\" data-element_type=\"column\">\n\t\t\t<div class=\"elementor-widget-wrap elementor-element-populated\">\n\t\t\t\t\t\t\t\t<div class=\"elementor-element elementor-element-bfbe7dd elementor-position-top elementor-widget elementor-widget-image-box\" data-id=\"bfbe7dd\" data-element_type=\"widget\" data-widget_type=\"image-box.default\">\n\t\t\t\t<div class=\"elementor-widget-container\">\n\t\t\t<div class=\"elementor-image-box-wrapper\"><figure class=\"elementor-image-box-img\"><img decoding=\"async\" width=\"120\" height=\"120\" src=\"https:\/\/fhukserodruk.pl\/wp-content\/uploads\/2018\/12\/globe-free-img.png\" class=\"attachment-full size-full wp-image-586\" alt=\"\" srcset=\"https:\/\/fhukserodruk.pl\/wp-content\/uploads\/2018\/12\/globe-free-img.png 120w, https:\/\/fhukserodruk.pl\/wp-content\/uploads\/2018\/12\/globe-free-img-100x100.png 100w\" sizes=\"(max-width: 120px) 100vw, 120px\" \/><\/figure><div class=\"elementor-image-box-content\"><h5 class=\"elementor-image-box-title\">Wysy\u0142ka na ca\u0142ym \u015bwiecie<\/h5><p class=\"elementor-image-box-description\">Dostawy realizowane s\u0105 we wsp\u00f3\u0142pracy z mi\u0119dzynarodowymi kurierami takimi jak DHL, UPS, GLS, Fed Ex i innymi.<\/p><\/div><\/div>\t\t<\/div>\n\t\t\t\t<\/div>\n\t\t\t\t\t<\/div>\n\t\t<\/div>\n\t\t\t\t<div class=\"elementor-column elementor-col-25 elementor-inner-column elementor-element elementor-element-56e5a7d\" data-id=\"56e5a7d\" data-element_type=\"column\">\n\t\t\t<div class=\"elementor-widget-wrap elementor-element-populated\">\n\t\t\t\t\t\t\t\t<div class=\"elementor-element elementor-element-7caaab2 elementor-position-top elementor-widget elementor-widget-image-box\" data-id=\"7caaab2\" data-element_type=\"widget\" data-widget_type=\"image-box.default\">\n\t\t\t\t<div class=\"elementor-widget-container\">\n\t\t\t<div class=\"elementor-image-box-wrapper\"><figure class=\"elementor-image-box-img\"><img decoding=\"async\" width=\"120\" height=\"120\" src=\"https:\/\/fhukserodruk.pl\/wp-content\/uploads\/2018\/12\/quality-free-img.png\" class=\"attachment-full size-full wp-image-588\" alt=\"\" srcset=\"https:\/\/fhukserodruk.pl\/wp-content\/uploads\/2018\/12\/quality-free-img.png 120w, https:\/\/fhukserodruk.pl\/wp-content\/uploads\/2018\/12\/quality-free-img-100x100.png 100w\" sizes=\"(max-width: 120px) 100vw, 120px\" \/><\/figure><div class=\"elementor-image-box-content\"><h5 class=\"elementor-image-box-title\">Najlepsza jako\u015b\u0107<\/h5><p class=\"elementor-image-box-description\">Zapewniamy dostawy materia\u0142\u00f3w eksploatacyjnych najwy\u017cszej jako\u015bci jakie s\u0105 dost\u0119pne na rynku.<\/p><\/div><\/div>\t\t<\/div>\n\t\t\t\t<\/div>\n\t\t\t\t\t<\/div>\n\t\t<\/div>\n\t\t\t\t<div class=\"elementor-column elementor-col-25 elementor-inner-column elementor-element elementor-element-e0603b9\" data-id=\"e0603b9\" data-element_type=\"column\">\n\t\t\t<div class=\"elementor-widget-wrap elementor-element-populated\">\n\t\t\t\t\t\t\t\t<div class=\"elementor-element elementor-element-ee04c6e elementor-position-top elementor-widget elementor-widget-image-box\" data-id=\"ee04c6e\" data-element_type=\"widget\" data-widget_type=\"image-box.default\">\n\t\t\t\t<div class=\"elementor-widget-container\">\n\t\t\t<div class=\"elementor-image-box-wrapper\"><figure class=\"elementor-image-box-img\"><img decoding=\"async\" width=\"120\" height=\"120\" src=\"https:\/\/fhukserodruk.pl\/wp-content\/uploads\/2018\/12\/tag-free-img.png\" class=\"attachment-full size-full wp-image-589\" alt=\"\" srcset=\"https:\/\/fhukserodruk.pl\/wp-content\/uploads\/2018\/12\/tag-free-img.png 120w, https:\/\/fhukserodruk.pl\/wp-content\/uploads\/2018\/12\/tag-free-img-100x100.png 100w\" sizes=\"(max-width: 120px) 100vw, 120px\" \/><\/figure><div class=\"elementor-image-box-content\"><h5 class=\"elementor-image-box-title\">Najlepsze oferty<\/h5><p class=\"elementor-image-box-description\">Nasza oferta spe\u0142ni wszystkie stawiane wymagania przez producenta urz\u0105dzenia jaki i u\u017cytkownika<\/p><\/div><\/div>\t\t<\/div>\n\t\t\t\t<\/div>\n\t\t\t\t\t<\/div>\n\t\t<\/div>\n\t\t\t\t<div class=\"elementor-column elementor-col-25 elementor-inner-column elementor-element elementor-element-741806f\" data-id=\"741806f\" data-element_type=\"column\">\n\t\t\t<div class=\"elementor-widget-wrap elementor-element-populated\">\n\t\t\t\t\t\t\t\t<div class=\"elementor-element elementor-element-7520e9d elementor-position-top elementor-widget elementor-widget-image-box\" data-id=\"7520e9d\" data-element_type=\"widget\" data-widget_type=\"image-box.default\">\n\t\t\t\t<div class=\"elementor-widget-container\">\n\t\t\t<div class=\"elementor-image-box-wrapper\"><figure class=\"elementor-image-box-img\"><img loading=\"lazy\" decoding=\"async\" width=\"120\" height=\"120\" src=\"https:\/\/fhukserodruk.pl\/wp-content\/uploads\/2018\/12\/lock-free-img.png\" class=\"attachment-full size-full wp-image-587\" alt=\"\" srcset=\"https:\/\/fhukserodruk.pl\/wp-content\/uploads\/2018\/12\/lock-free-img.png 120w, https:\/\/fhukserodruk.pl\/wp-content\/uploads\/2018\/12\/lock-free-img-100x100.png 100w\" sizes=\"(max-width: 120px) 100vw, 120px\" \/><\/figure><div class=\"elementor-image-box-content\"><h5 class=\"elementor-image-box-title\">Bezpieczne p\u0142atno\u015bci<\/h5><p class=\"elementor-image-box-description\">Gwarantujemy bezpieczny system p\u0142atno\u015bci za zakupione towary.<\/p><\/div><\/div>\t\t<\/div>\n\t\t\t\t<\/div>\n\t\t\t\t\t<\/div>\n\t\t<\/div>\n\t\t\t\t\t\t\t<\/div>\n\t\t<\/section>\n\t\t\t\t\t<\/div>\n\t\t<\/div>\n\t\t\t\t\t\t\t<\/div>\n\t\t<\/section>\n\t\t\t\t\t\t\t<\/div>\n\t\t","protected":false},"excerpt":{"rendered":"<p>Wysy\u0142ka Twojej paczki Generalnie paczki s\u0105 nadawane w ci\u0105gu 3 dni (roboczych) od momentu otrzymania potwierdzenia wp\u0142ywu p\u0142atno\u015bci na konto FHU KSERO-DRUK Pawe\u0142 Ga\u0142a.Op\u0142aty za wysy\u0142k\u0119 oraz opakowanie s\u0105 wliczone w koszty wysy\u0142ki.Koszty transportu mog\u0105 ulec zmianie ze wzgl\u0119du na wag\u0119 przesy\u0142ki. Doradzamy zebra\u0107 kilka produkt\u00f3w w jednym zam\u00f3wieniu aby unikn\u0105\u0107 powielania koszt\u00f3w transportu. Nie [&hellip;]<\/p>\n","protected":false},"author":1,"featured_media":0,"parent":0,"menu_order":0,"comment_status":"closed","ping_status":"closed","template":"","meta":{"site-sidebar-layout":"default","site-content-layout":"default","ast-site-content-layout":"","site-content-style":"default","site-sidebar-style":"default","ast-global-header-display":"","ast-banner-title-visibility":"","ast-main-header-display":"","ast-hfb-above-header-display":"","ast-hfb-below-header-display":"","ast-hfb-mobile-header-display":"","site-post-title":"","ast-breadcrumbs-content":"","ast-featured-img":"","footer-sml-layout":"","theme-transparent-header-meta":"default","adv-header-id-meta":"","stick-header-meta":"","header-above-stick-meta":"","header-main-stick-meta":"","header-below-stick-meta":"","astra-migrate-meta-layouts":"default","ast-page-background-enabled":"default","ast-page-background-meta":{"desktop":{"background-color":"","background-image":"","background-repeat":"repeat","background-position":"center center","background-size":"auto","background-attachment":"scroll","background-type":"","background-media":"","overlay-type":"","overlay-color":"","overlay-gradient":""},"tablet":{"background-color":"","background-image":"","background-repeat":"repeat","background-position":"center center","background-size":"auto","background-attachment":"scroll","background-type":"","background-media":"","overlay-type":"","overlay-color":"","overlay-gradient":""},"mobile":{"background-color":"","background-image":"","background-repeat":"repeat","background-position":"center center","background-size":"auto","background-attachment":"scroll","background-type":"","background-media":"","overlay-type":"","overlay-color":"","overlay-gradient":""}},"ast-content-background-meta":{"desktop":{"background-color":"var(--ast-global-color-5)","background-image":"","background-repeat":"repeat","background-position":"center center","background-size":"auto","background-attachment":"scroll","background-type":"","background-media":"","overlay-type":"","overlay-color":"","overlay-gradient":""},"tablet":{"background-color":"var(--ast-global-color-5)","background-image":"","background-repeat":"repeat","background-position":"center center","background-size":"auto","background-attachment":"scroll","background-type":"","background-media":"","overlay-type":"","overlay-color":"","overlay-gradient":""},"mobile":{"background-color":"var(--ast-global-color-5)","background-image":"","background-repeat":"repeat","background-position":"center center","background-size":"auto","background-attachment":"scroll","background-type":"","background-media":"","overlay-type":"","overlay-color":"","overlay-gradient":""}},"footnotes":""},"_links":{"self":[{"href":"https:\/\/fhukserodruk.pl\/index.php\/wp-json\/wp\/v2\/pages\/2939"}],"collection":[{"href":"https:\/\/fhukserodruk.pl\/index.php\/wp-json\/wp\/v2\/pages"}],"about":[{"href":"https:\/\/fhukserodruk.pl\/index.php\/wp-json\/wp\/v2\/types\/page"}],"author":[{"embeddable":true,"href":"https:\/\/fhukserodruk.pl\/index.php\/wp-json\/wp\/v2\/users\/1"}],"replies":[{"embeddable":true,"href":"https:\/\/fhukserodruk.pl\/index.php\/wp-json\/wp\/v2\/comments?post=2939"}],"version-history":[{"count":16,"href":"https:\/\/fhukserodruk.pl\/index.php\/wp-json\/wp\/v2\/pages\/2939\/revisions"}],"predecessor-version":[{"id":3182,"href":"https:\/\/fhukserodruk.pl\/index.php\/wp-json\/wp\/v2\/pages\/2939\/revisions\/3182"}],"wp:attachment":[{"href":"https:\/\/fhukserodruk.pl\/index.php\/wp-json\/wp\/v2\/media?parent=2939"}],"curies":[{"name":"wp","href":"https:\/\/api.w.org\/{rel}","templated":true}]}}