{"id":3,"date":"2021-05-22T23:16:37","date_gmt":"2021-05-22T23:16:37","guid":{"rendered":"http:\/\/fhukserodruk.pl\/?page_id=3"},"modified":"2021-05-22T23:16:38","modified_gmt":"2021-05-22T23:16:38","slug":"polityka-prywatnosci","status":"publish","type":"page","link":"https:\/\/fhukserodruk.pl\/index.php\/polityka-prywatnosci\/","title":{"rendered":"Polityka prywatno\u015bci"},"content":{"rendered":"\n<h2 class=\"wp-block-heading\">Kim jeste\u015bmy<\/h2>\n\n\n\n<p><strong class=\"privacy-policy-tutorial\">Adres naszej strony internetowej to<\/strong>: https:\/\/fhukserodruk.pl.<\/p>\n\n\n\n<p>&nbsp;<br>&nbsp;&nbsp;&nbsp;&nbsp;&nbsp;&nbsp;&nbsp; W FHU KSERO-DRUK Pawe\u0142 Ga\u0142a polityka prywatno\u015bci, okre\u015bla zasady przechowywania i dost\u0119pu do informacji<br>o u\u017cytkowniku &#8211; kliencie za pomoc\u0105 plik\u00f3w Cookies. S\u0142u\u017c\u0105 one do realizacji sprzeda\u017cy i us\u0142ug \u015bwiadczonych drog\u0105 elektroniczn\u0105 dla u\u017cytkownika \u2013 klienta, prowadzonych przez firm\u0119 FHU KSERO-DRUK Pawe\u0142 Ga\u0142a z siedzib\u0105 w Cz\u0119stochowie.<br><br><strong>I. Zasady og\u00f3lne w post\u0119powaniu z danymi osobowymi u\u017cytkownik\u00f3w &#8211; klient\u00f3w.<\/strong><br><br>1. Pliki Cookies to dane informatyczne, niewielkie pliki tekstowe, kt\u00f3re s\u0105 zapisywane i przechowywane na urz\u0105dzeniach przy u\u017cyciu kt\u00f3rych u\u017cytkownik &#8211; klient korzysta FHU KSERO-DRUK Pawe\u0142 Ga\u0142a na stronie&nbsp;<a href=\"https:\/\/fhukserodruk.pl\/\">www.fhukserodruk.pl<\/a>.<br>2. FHU KSERO-DRUK Pawe\u0142 Ga\u0142a jako w\u0142a\u015bciciel strony&nbsp;<a href=\"https:\/\/fhukserodruk.pl\/\">www.fhukserodruk.pl&nbsp;<\/a>, nie sprzedaje, nie udost\u0119pnia osobom trzecim danych osobowych u\u017cytkownik\u00f3w &#8211; klient\u00f3w.&nbsp; Jedynym przypadkiem w kt\u00f3rym sklep przeka\u017ce dane osobowe, bez wcze\u015bniejszej zgody u\u017cytkownika &#8211; klienta, jest sytuacja w kt\u00f3rej z takim wnioskiem wyst\u0105pi: s\u0105d, prokuratura, policja lub inne organy prawne do tego upowa\u017cnione.<br>3. Podane dane u\u017cytkownika &#8211; klienta, mog\u0105 by\u0107 wykorzystane w celach marketingowych wy\u0142\u0105cznie za jego zgod\u0105.<br>4. U\u017cytkownik \u2013 klient&nbsp; na stronie&nbsp;<a href=\"https:\/\/fhukserodruk.pl\/\">www.fhukserodruk.pl<\/a>&nbsp;jest ca\u0142kowicie anonimowy. Pozostaje tak do momentu, w kt\u00f3rym zdecyduje si\u0119 na dokonanie zakupu, z\u0142o\u017cy zam\u00f3wienie lub wype\u0142ni formularz kontaktowy na stronie FHU KSERO-DRUK Pawe\u0142 Ga\u0142a. W powy\u017cszych przypadkach wymagane jest podanie przez u\u017cytkownika &nbsp;&#8211; klienta okre\u015blonych danych teleadresowych, kt\u00f3re umo\u017cliwi\u0105 realizacj\u0119 zam\u00f3wienia lub kontakt i s\u0105 zapisywane w systemie FHU KSERO-DRUK Pawe\u0142 Ga\u0142a.<br>5. Dokonanie przez u\u017cytkownika &#8211; klienta zakupu b\u0105d\u017a z\u0142o\u017cenia zam\u00f3wienia wraz z jednoczesn\u0105 rejestracj\u0105 powi\u0105zane jest z wyra\u017ceniem zgodny na gromadzenie i przetwarzanie danych osobowych w rozumieniu Ustawy z dnia 29 sierpnia 1997 r. o ochronie danych osobowych (Dz. U. z 2002 r. nr 101 poz. 926 z p\u00f3\u017an. zm.). Podane dane s\u0142u\u017c\u0105&nbsp; wy\u0142\u0105cznie do cel\u00f3w realizacji zam\u00f3wienia i tym samym do wystawienia dowodu sprzeda\u017cy (np. paragon, faktura VAT itp.) oraz wysy\u0142ki produkt\u00f3w. W zwi\u0105zku z powy\u017cszym FHU KSERO-DRUK Pawe\u0142 Ga\u0142a, zastrzega sobie prawo udost\u0119pnia\u0107 zebrane dane swoim partnerom handlowym, maj\u0105c na celu sprawn\u0105 realizacj\u0119 zam\u00f3wienia.<br>&nbsp;<br><strong>II. Rodzaje plik\u00f3w Cookies.<\/strong><br><br>1. Wykorzystywane pliki Cookies s\u0105 bezpieczne dla urz\u0105dze\u0144 u\u017cytkownika &#8211; klienta. Poprzez pliki Cookies, do urz\u0105dze\u0144 u\u017cytkownika &#8211; klienta nie maj\u0105 prawa przedosta\u0107 si\u0119 wirusy, oprogramowania niechciane, czy inne oprogramowanie z\u0142o\u015bliwe. Pliki Cookies tylko identyfikuj\u0105 oprogramowanie u\u017cywane przez u\u017cytkownika \u2013 klienta co tym samym pozwala na indywidualne dostosowanie oferty pod ka\u017cdego u\u017cytkownika &#8211; klienta.<br>2. FHU KSERO-DRUK Pawe\u0142 Ga\u0142a korzysta z dw\u00f3ch typ\u00f3w plik\u00f3w Cookies:<br>a. Cookies sesyjne \u2013 pliki te nie pozwalaj\u0105 na pobieranie danych osobowych ani \u017cadnych informacji poufnych. Cookies sesyjne pozostaj\u0105 na urz\u0105dzeniach u\u017cytkownika &#8211; klienta do momentu zako\u0144czenia sesji na danej przegl\u0105darce. Po zako\u0144czeniu sesji s\u0105 trwale usuwane z pami\u0119ci urz\u0105dzenia.<br>b. Cookies trwa\u0142e &#8211; pliki te nie pozwalaj\u0105 na pobieranie danych osobowych ani \u017cadnych informacji poufnych. Cookies trwa\u0142e s\u0105 przechowywane na urz\u0105dzeniach u\u017cytkownika &#8211; klienta i pozostaj\u0105 tam do momentu ich r\u0119cznego skasowania przez u\u017cytkownika &#8211; klienta.<br>3.Ka\u017cdy u\u017cytkownik &#8211; klient ma mo\u017cliwo\u015b\u0107 wy\u0142\u0105czenia lub ograniczenia dost\u0119pu plik\u00f3w Cookies do swojego urz\u0105dzenia. W takim przypadku, korzystanie z strony www.fhukserodruk.pl b\u0119dzie mo\u017cliwe, ograniczone jednak o funkcje, kt\u00f3re wymagaj\u0105 plik\u00f3w Cookies.<br>&nbsp;<br>III. Wykorzystanie plik\u00f3w Cookies.<br><br>1. Pliki Cookies w FHU KSERO-DRUK Pawe\u0142 Ga\u0142a wykorzystywane s\u0105:<br>a. W celu dostosowania strony sklepu do indywidualnych wymaga\u0144 u\u017cytkownika &#8211; klienta.<br>b. Do rozpoznania urz\u0105dze\u0144 u\u017cytkownika &#8211; klienta, jego lokalizacji i odpowiedniej konfiguracji sklepu.<br>c. Autoryzacji u\u017cytkownika &#8211; klienta w sklepie i zapewnienia ci\u0105g\u0142o\u015bci sesji, w szczeg\u00f3lno\u015bci:<br>-utrzymania ci\u0105g\u0142o\u015bci sesji w sklepie. U\u017cytkownik przechodz\u0105c na kolejne podstrony, nie musi ka\u017cdorazowo wpisywa\u0107 loginu i has\u0142a do sklepu,<br>&#8211; poprawno\u015bci konfiguracji funkcji sklepu,<br>&#8211; poprawy wydajno\u015bci pracy oprogramowania wykorzystywanego przez FHU KSERO-DRUK Pawe\u0142 Ga\u0142a.<br>d. Poprawnej weryfikacji program\u00f3w partnerskich, szczeg\u00f3lnie weryfikacji \u017ar\u00f3de\u0142 przekierowania u\u017cytkownik\u00f3w \u2013 klient\u00f3w do sklepu FHU KSERO-DRUK Pawe\u0142 Ga\u0142a.<br>e. W celu umo\u017cliwienia korzystania z funkcji dost\u0119pnych wy\u0142\u0105cznie z u\u017cyciem plik\u00f3w Cookis.<br>f. Do bada\u0144 i analiz, tworzenia anonimowych statystyk, pokazuj\u0105cych w jaki spos\u00f3b u\u017cytkownicy klienci korzystaj\u0105 z sklepu FHU KSERO-DRUK Pawe\u0142 Ga\u0142a.<br>g. Zapewnienia bezpiecze\u0144stwa i niezawodno\u015bci strony i sklepu FHU KSERO-DRUK Pawe\u0142 Ga\u0142a.<br>2. Pliki Cookies zewn\u0119trzne wykorzystywane s\u0105 w nast\u0119puj\u0105cych celach:<br>a. Umieszczania i prezentowania tre\u015bci multimedialnych, pochodz\u0105cych z zewn\u0119trznych serwis\u00f3w internetowych.<br>b. Gromadzenia anonimowych danych statystycznych, przy pomocy narz\u0119dzi analitycznych, np. Google Analytics.<br>c. Prezentowania reklam.<br>d. Logowania do serwisu za pomoc\u0105 innych stron, np. serwis\u00f3w spo\u0142eczno\u015bciowych.<br>e. Informowania o opiniach, na temat FHU KSERO-DRUK Pawe\u0142 Ga\u0142a, w zewn\u0119trznych portalach internetowych.<br>f. W celu u\u0142atwienia komunikacji za po\u015brednictwem strony internetowej&nbsp;<a href=\"http:\/\/www.rita.edu.pl\/\">www.fhukserodruk.pl .<\/a><\/p>\n\n\n\n<p><strong>IV. Okre\u015blanie warunk\u00f3w przechowywania i uzyskiwania dost\u0119pu poprzez pliki Cookies.<\/strong><br><\/p>\n\n\n\n<p>1. U\u017cytkownik \u2013 klient w ka\u017cdej chwili mo\u017ce samodzielnie &nbsp;zmieni\u0107 ustawienia plik\u00f3w Cookis. Zmiany ustawie\u0144 mo\u017cna dokona\u0107 za pomoc\u0105 ustawie\u0144 przegl\u0105darki internetowej, z kt\u00f3rej korzysta u\u017cytkownik &#8211; klient. Dok\u0142adne informacje o sposobach zarz\u0105dzania plikami Cookies dost\u0119pne s\u0105 w ustawieniach oprogramowania przegl\u0105darek internetowych oraz na stronie producent\u00f3w tych oprogramowa\u0144.<br>2. Wykorzystuj\u0105c dost\u0119pne funkcje w przegl\u0105darce internetowej, U\u017cytkownik w dowolnym momencie mo\u017ce usun\u0105\u0107 pliki Cookies.<br>3. Ograniczenie dost\u0119pno\u015bci plik\u00f3w Cookies, mo\u017ce wp\u0142yn\u0105\u0107 na niekt\u00f3re funkcje dost\u0119pne na stronie g\u0142\u00f3wnej jak i w sklepie FHU KSERO-DRUK Pawe\u0142 Ga\u0142a.<br><br><strong>V. Postanowienia ko\u0144cowe.<\/strong><br><br>1. Wyra\u017cenie zgody na otrzymywanie, drog\u0105 elektroniczn\u0105, bezp\u0142atnych newsletter\u00f3w daje mo\u017cliwo\u015b\u0107 FHU KSERO-DRUK Pawe\u0142 Ga\u0142a do wysy\u0142ania u\u017cytkownikom \u2013 klientom wiadomo\u015bci. Wiadomo\u015bci te zawieraj\u0105 przede wszystkim informacje o nowo\u015bciach, promocjach oraz zmian dost\u0119pno\u015bci niekt\u00f3rych materia\u0142\u00f3w eksploatacyjnych itp.<br>2. Subskrypcj\u0119 newslettera mo\u017cna w ka\u017cdej chwili anulowa\u0107. Rezygnacja z newslettera nie jest jednoznaczna z usuni\u0119ciem konta w systemie.<br>3. Dodatkowo FHU KSERO-DRUK Pawe\u0142 Ga\u0142a. informuje, i\u017c za po\u015brednictwem newslettera, przesy\u0142ane s\u0105 reklamy oraz informacje handlowe rozumieniu ustawy z dnia 18 lipca 2002 r. o \u015bwiadczeniu us\u0142ug drog\u0105 elektroniczn\u0105 (Dz.U. Nr 144, Poz. 1204 z 2002 r.).<br>4. FHU KSERO-DRUK Pawe\u0142 Ga\u0142a zapewnia wszelkie mo\u017cliwe i nakazane przepisami prawa, \u015brodki techniczne i organizacyjne s\u0142u\u017c\u0105ce ochronie danych osobowych, w my\u015bl ustawy z dnia 29 sierpnia 1997 r. o ochronie danych osobowych (Dz. U. z 1997 r nr 133 poz. 883)<\/p>\n","protected":false},"excerpt":{"rendered":"<p>Kim jeste\u015bmy Adres naszej strony internetowej to: https:\/\/fhukserodruk.pl. &nbsp;&nbsp;&nbsp;&nbsp;&nbsp;&nbsp;&nbsp;&nbsp; W FHU KSERO-DRUK Pawe\u0142 Ga\u0142a polityka prywatno\u015bci, okre\u015bla zasady przechowywania i dost\u0119pu do informacjio u\u017cytkowniku &#8211; kliencie za pomoc\u0105 plik\u00f3w Cookies. S\u0142u\u017c\u0105 one do realizacji sprzeda\u017cy i us\u0142ug \u015bwiadczonych drog\u0105 elektroniczn\u0105 dla u\u017cytkownika \u2013 klienta, prowadzonych przez firm\u0119 FHU KSERO-DRUK Pawe\u0142 Ga\u0142a z siedzib\u0105 w Cz\u0119stochowie. [&hellip;]<\/p>\n","protected":false},"author":1,"featured_media":0,"parent":0,"menu_order":0,"comment_status":"closed","ping_status":"open","template":"","meta":{"site-sidebar-layout":"default","site-content-layout":"default","ast-site-content-layout":"","site-content-style":"default","site-sidebar-style":"default","ast-global-header-display":"","ast-banner-title-visibility":"","ast-main-header-display":"","ast-hfb-above-header-display":"","ast-hfb-below-header-display":"","ast-hfb-mobile-header-display":"","site-post-title":"","ast-breadcrumbs-content":"","ast-featured-img":"","footer-sml-layout":"","theme-transparent-header-meta":"default","adv-header-id-meta":"","stick-header-meta":"","header-above-stick-meta":"","header-main-stick-meta":"","header-below-stick-meta":"","astra-migrate-meta-layouts":"default","ast-page-background-enabled":"default","ast-page-background-meta":{"desktop":{"background-color":"","background-image":"","background-repeat":"repeat","background-position":"center center","background-size":"auto","background-attachment":"scroll","background-type":"","background-media":"","overlay-type":"","overlay-color":"","overlay-gradient":""},"tablet":{"background-color":"","background-image":"","background-repeat":"repeat","background-position":"center center","background-size":"auto","background-attachment":"scroll","background-type":"","background-media":"","overlay-type":"","overlay-color":"","overlay-gradient":""},"mobile":{"background-color":"","background-image":"","background-repeat":"repeat","background-position":"center center","background-size":"auto","background-attachment":"scroll","background-type":"","background-media":"","overlay-type":"","overlay-color":"","overlay-gradient":""}},"ast-content-background-meta":{"desktop":{"background-color":"var(--ast-global-color-5)","background-image":"","background-repeat":"repeat","background-position":"center center","background-size":"auto","background-attachment":"scroll","background-type":"","background-media":"","overlay-type":"","overlay-color":"","overlay-gradient":""},"tablet":{"background-color":"var(--ast-global-color-5)","background-image":"","background-repeat":"repeat","background-position":"center center","background-size":"auto","background-attachment":"scroll","background-type":"","background-media":"","overlay-type":"","overlay-color":"","overlay-gradient":""},"mobile":{"background-color":"var(--ast-global-color-5)","background-image":"","background-repeat":"repeat","background-position":"center center","background-size":"auto","background-attachment":"scroll","background-type":"","background-media":"","overlay-type":"","overlay-color":"","overlay-gradient":""}},"footnotes":""},"_links":{"self":[{"href":"https:\/\/fhukserodruk.pl\/index.php\/wp-json\/wp\/v2\/pages\/3"}],"collection":[{"href":"https:\/\/fhukserodruk.pl\/index.php\/wp-json\/wp\/v2\/pages"}],"about":[{"href":"https:\/\/fhukserodruk.pl\/index.php\/wp-json\/wp\/v2\/types\/page"}],"author":[{"embeddable":true,"href":"https:\/\/fhukserodruk.pl\/index.php\/wp-json\/wp\/v2\/users\/1"}],"replies":[{"embeddable":true,"href":"https:\/\/fhukserodruk.pl\/index.php\/wp-json\/wp\/v2\/comments?post=3"}],"version-history":[{"count":4,"href":"https:\/\/fhukserodruk.pl\/index.php\/wp-json\/wp\/v2\/pages\/3\/revisions"}],"predecessor-version":[{"id":2527,"href":"https:\/\/fhukserodruk.pl\/index.php\/wp-json\/wp\/v2\/pages\/3\/revisions\/2527"}],"wp:attachment":[{"href":"https:\/\/fhukserodruk.pl\/index.php\/wp-json\/wp\/v2\/media?parent=3"}],"curies":[{"name":"wp","href":"https:\/\/api.w.org\/{rel}","templated":true}]}}