{"id":41,"date":"2017-12-17T10:02:12","date_gmt":"2017-12-17T10:02:12","guid":{"rendered":"http:\/\/fhukserodruk.pl\/index.php\/my-account\/"},"modified":"2021-05-27T11:22:20","modified_gmt":"2021-05-27T11:22:20","slug":"moje-konto","status":"publish","type":"page","link":"https:\/\/fhukserodruk.pl\/index.php\/moje-konto\/","title":{"rendered":"Moje konto"},"content":{"rendered":"\t\t<div data-elementor-type=\"wp-post\" data-elementor-id=\"41\" class=\"elementor elementor-41\">\n\t\t\t\t\t\t\t\t\t<section class=\"elementor-section elementor-top-section elementor-element elementor-element-0e916b3 elementor-section-boxed elementor-section-height-default elementor-section-height-default\" data-id=\"0e916b3\" data-element_type=\"section\" data-settings=\"{&quot;background_background&quot;:&quot;classic&quot;}\">\n\t\t\t\t\t\t\t<div class=\"elementor-background-overlay\"><\/div>\n\t\t\t\t\t\t\t<div class=\"elementor-container elementor-column-gap-default\">\n\t\t\t\t\t<div class=\"elementor-column elementor-col-100 elementor-top-column elementor-element elementor-element-8e0ee3d\" data-id=\"8e0ee3d\" data-element_type=\"column\">\n\t\t\t<div class=\"elementor-widget-wrap elementor-element-populated\">\n\t\t\t\t\t\t\t\t<div class=\"elementor-element elementor-element-5f25524 elementor-widget elementor-widget-heading\" data-id=\"5f25524\" data-element_type=\"widget\" data-widget_type=\"heading.default\">\n\t\t\t\t<div class=\"elementor-widget-container\">\n\t\t\t<h1 class=\"elementor-heading-title elementor-size-default\">Moje konto<\/h1>\t\t<\/div>\n\t\t\t\t<\/div>\n\t\t\t\t<div class=\"elementor-element elementor-element-c66cc7d elementor-widget-divider--view-line elementor-widget elementor-widget-divider\" data-id=\"c66cc7d\" data-element_type=\"widget\" data-widget_type=\"divider.default\">\n\t\t\t\t<div class=\"elementor-widget-container\">\n\t\t\t\t\t<div class=\"elementor-divider\">\n\t\t\t<span class=\"elementor-divider-separator\">\n\t\t\t\t\t\t<\/span>\n\t\t<\/div>\n\t\t\t\t<\/div>\n\t\t\t\t<\/div>\n\t\t\t\t<div class=\"elementor-element elementor-element-80c053c elementor-widget elementor-widget-text-editor\" data-id=\"80c053c\" data-element_type=\"widget\" data-widget_type=\"text-editor.default\">\n\t\t\t\t<div class=\"elementor-widget-container\">\n\t\t\t\t\t\t\t<h3><span style=\"color: #ffffff;\">Zaloguj lub zarejestruj si\u0119 i\u00a0 przegl\u0105daj swoje zam\u00f3wienia, p\u0142atno\u015bci, dostawy.<\/span><\/h3>\t\t\t\t\t\t<\/div>\n\t\t\t\t<\/div>\n\t\t\t\t\t<\/div>\n\t\t<\/div>\n\t\t\t\t\t\t\t<\/div>\n\t\t<\/section>\n\t\t\t\t<section class=\"elementor-section elementor-top-section elementor-element elementor-element-79db6ca5 elementor-section-boxed elementor-section-height-default elementor-section-height-default\" data-id=\"79db6ca5\" data-element_type=\"section\" data-settings=\"{&quot;background_background&quot;:&quot;classic&quot;}\">\n\t\t\t\t\t\t<div class=\"elementor-container elementor-column-gap-default\">\n\t\t\t\t\t<div class=\"elementor-column elementor-col-100 elementor-top-column elementor-element elementor-element-2255fc82\" data-id=\"2255fc82\" data-element_type=\"column\">\n\t\t\t<div class=\"elementor-widget-wrap elementor-element-populated\">\n\t\t\t\t\t\t\t\t<div class=\"elementor-element elementor-element-59588293 elementor-widget elementor-widget-shortcode\" data-id=\"59588293\" data-element_type=\"widget\" data-widget_type=\"shortcode.default\">\n\t\t\t\t<div class=\"elementor-widget-container\">\n\t\t\t\t\t<div class=\"elementor-shortcode\"><div class=\"woocommerce\"><\/div><\/div>\n\t\t\t\t<\/div>\n\t\t\t\t<\/div>\n\t\t\t\t\t<\/div>\n\t\t<\/div>\n\t\t\t\t\t\t\t<\/div>\n\t\t<\/section>\n\t\t\t\t<section class=\"elementor-section elementor-top-section elementor-element elementor-element-6800974 elementor-section-boxed elementor-section-height-default elementor-section-height-default\" data-id=\"6800974\" data-element_type=\"section\" data-settings=\"{&quot;background_background&quot;:&quot;classic&quot;}\">\n\t\t\t\t\t\t<div class=\"elementor-container elementor-column-gap-default\">\n\t\t\t\t\t<div class=\"elementor-column elementor-col-100 elementor-top-column elementor-element elementor-element-38a2f15\" data-id=\"38a2f15\" data-element_type=\"column\">\n\t\t\t<div class=\"elementor-widget-wrap elementor-element-populated\">\n\t\t\t\t\t\t\t\t<section class=\"elementor-section elementor-inner-section elementor-element elementor-element-8ed9c41 elementor-section-boxed elementor-section-height-default elementor-section-height-default\" data-id=\"8ed9c41\" data-element_type=\"section\">\n\t\t\t\t\t\t<div class=\"elementor-container elementor-column-gap-default\">\n\t\t\t\t\t<div class=\"elementor-column elementor-col-25 elementor-inner-column elementor-element elementor-element-393dad1\" data-id=\"393dad1\" data-element_type=\"column\">\n\t\t\t<div class=\"elementor-widget-wrap elementor-element-populated\">\n\t\t\t\t\t\t\t\t<div class=\"elementor-element elementor-element-b6879c0 elementor-position-top elementor-widget elementor-widget-image-box\" data-id=\"b6879c0\" data-element_type=\"widget\" data-widget_type=\"image-box.default\">\n\t\t\t\t<div class=\"elementor-widget-container\">\n\t\t\t<div class=\"elementor-image-box-wrapper\"><figure class=\"elementor-image-box-img\"><img decoding=\"async\" width=\"120\" height=\"120\" src=\"https:\/\/fhukserodruk.pl\/wp-content\/uploads\/2018\/12\/globe-free-img.png\" class=\"attachment-full size-full wp-image-586\" alt=\"\" srcset=\"https:\/\/fhukserodruk.pl\/wp-content\/uploads\/2018\/12\/globe-free-img.png 120w, https:\/\/fhukserodruk.pl\/wp-content\/uploads\/2018\/12\/globe-free-img-100x100.png 100w\" sizes=\"(max-width: 120px) 100vw, 120px\" \/><\/figure><div class=\"elementor-image-box-content\"><h5 class=\"elementor-image-box-title\">Wysy\u0142ka na ca\u0142ym \u015bwiecie<\/h5><p class=\"elementor-image-box-description\">Dostawy realizowane s\u0105 we wsp\u00f3\u0142pracy z mi\u0119dzynarodowymi kurierami takimi jak DHL, UPS, GLS, Fed Ex i innymi.<\/p><\/div><\/div>\t\t<\/div>\n\t\t\t\t<\/div>\n\t\t\t\t\t<\/div>\n\t\t<\/div>\n\t\t\t\t<div class=\"elementor-column elementor-col-25 elementor-inner-column elementor-element elementor-element-a0ee5c5\" data-id=\"a0ee5c5\" data-element_type=\"column\">\n\t\t\t<div class=\"elementor-widget-wrap elementor-element-populated\">\n\t\t\t\t\t\t\t\t<div class=\"elementor-element elementor-element-423094a elementor-position-top elementor-widget elementor-widget-image-box\" data-id=\"423094a\" data-element_type=\"widget\" data-widget_type=\"image-box.default\">\n\t\t\t\t<div class=\"elementor-widget-container\">\n\t\t\t<div class=\"elementor-image-box-wrapper\"><figure class=\"elementor-image-box-img\"><img decoding=\"async\" width=\"120\" height=\"120\" src=\"https:\/\/fhukserodruk.pl\/wp-content\/uploads\/2018\/12\/quality-free-img.png\" class=\"attachment-full size-full wp-image-588\" alt=\"\" srcset=\"https:\/\/fhukserodruk.pl\/wp-content\/uploads\/2018\/12\/quality-free-img.png 120w, https:\/\/fhukserodruk.pl\/wp-content\/uploads\/2018\/12\/quality-free-img-100x100.png 100w\" sizes=\"(max-width: 120px) 100vw, 120px\" \/><\/figure><div class=\"elementor-image-box-content\"><h5 class=\"elementor-image-box-title\">Najlepsza jako\u015b\u0107<\/h5><p class=\"elementor-image-box-description\">Zapewniamy dostawy materia\u0142\u00f3w eksploatacyjnych najwy\u017cszej jako\u015bci jakie s\u0105 dost\u0119pne na rynku.<\/p><\/div><\/div>\t\t<\/div>\n\t\t\t\t<\/div>\n\t\t\t\t\t<\/div>\n\t\t<\/div>\n\t\t\t\t<div class=\"elementor-column elementor-col-25 elementor-inner-column elementor-element elementor-element-f973bc3\" data-id=\"f973bc3\" data-element_type=\"column\">\n\t\t\t<div class=\"elementor-widget-wrap elementor-element-populated\">\n\t\t\t\t\t\t\t\t<div class=\"elementor-element elementor-element-d2a318d elementor-position-top elementor-widget elementor-widget-image-box\" data-id=\"d2a318d\" data-element_type=\"widget\" data-widget_type=\"image-box.default\">\n\t\t\t\t<div class=\"elementor-widget-container\">\n\t\t\t<div class=\"elementor-image-box-wrapper\"><figure class=\"elementor-image-box-img\"><img decoding=\"async\" width=\"120\" height=\"120\" src=\"https:\/\/fhukserodruk.pl\/wp-content\/uploads\/2018\/12\/tag-free-img.png\" class=\"attachment-full size-full wp-image-589\" alt=\"\" srcset=\"https:\/\/fhukserodruk.pl\/wp-content\/uploads\/2018\/12\/tag-free-img.png 120w, https:\/\/fhukserodruk.pl\/wp-content\/uploads\/2018\/12\/tag-free-img-100x100.png 100w\" sizes=\"(max-width: 120px) 100vw, 120px\" \/><\/figure><div class=\"elementor-image-box-content\"><h5 class=\"elementor-image-box-title\">Najlepsze oferty<\/h5><p class=\"elementor-image-box-description\">Nasza oferta spe\u0142nia wszystkie stawiane przez klienta wymagania.<\/p><\/div><\/div>\t\t<\/div>\n\t\t\t\t<\/div>\n\t\t\t\t\t<\/div>\n\t\t<\/div>\n\t\t\t\t<div class=\"elementor-column elementor-col-25 elementor-inner-column elementor-element elementor-element-0127b45\" data-id=\"0127b45\" data-element_type=\"column\">\n\t\t\t<div class=\"elementor-widget-wrap elementor-element-populated\">\n\t\t\t\t\t\t\t\t<div class=\"elementor-element elementor-element-eb4e4a7 elementor-position-top elementor-widget elementor-widget-image-box\" data-id=\"eb4e4a7\" data-element_type=\"widget\" data-widget_type=\"image-box.default\">\n\t\t\t\t<div class=\"elementor-widget-container\">\n\t\t\t<div class=\"elementor-image-box-wrapper\"><figure class=\"elementor-image-box-img\"><img loading=\"lazy\" decoding=\"async\" width=\"120\" height=\"120\" src=\"https:\/\/fhukserodruk.pl\/wp-content\/uploads\/2018\/12\/lock-free-img.png\" class=\"attachment-full size-full wp-image-587\" alt=\"\" srcset=\"https:\/\/fhukserodruk.pl\/wp-content\/uploads\/2018\/12\/lock-free-img.png 120w, https:\/\/fhukserodruk.pl\/wp-content\/uploads\/2018\/12\/lock-free-img-100x100.png 100w\" sizes=\"(max-width: 120px) 100vw, 120px\" \/><\/figure><div class=\"elementor-image-box-content\"><h5 class=\"elementor-image-box-title\">Bezpieczne p\u0142atno\u015bci<\/h5><p class=\"elementor-image-box-description\">Gwarantujemy bezpieczny system p\u0142atno\u015bci za zakupione towary.<\/p><\/div><\/div>\t\t<\/div>\n\t\t\t\t<\/div>\n\t\t\t\t\t<\/div>\n\t\t<\/div>\n\t\t\t\t\t\t\t<\/div>\n\t\t<\/section>\n\t\t\t\t\t<\/div>\n\t\t<\/div>\n\t\t\t\t\t\t\t<\/div>\n\t\t<\/section>\n\t\t\t\t\t\t\t<\/div>\n\t\t","protected":false},"excerpt":{"rendered":"<p>Moje konto Zaloguj lub zarejestruj si\u0119 i\u00a0 przegl\u0105daj swoje zam\u00f3wienia, p\u0142atno\u015bci, dostawy. Wysy\u0142ka na ca\u0142ym \u015bwiecie Dostawy realizowane s\u0105 we wsp\u00f3\u0142pracy z mi\u0119dzynarodowymi kurierami takimi jak DHL, UPS, GLS, Fed Ex i innymi. Najlepsza jako\u015b\u0107 Zapewniamy dostawy materia\u0142\u00f3w eksploatacyjnych najwy\u017cszej jako\u015bci jakie s\u0105 dost\u0119pne na rynku. Najlepsze oferty Nasza oferta spe\u0142nia wszystkie stawiane przez klienta [&hellip;]<\/p>\n","protected":false},"author":1,"featured_media":0,"parent":0,"menu_order":0,"comment_status":"closed","ping_status":"closed","template":"","meta":{"site-sidebar-layout":"no-sidebar","site-content-layout":"page-builder","ast-site-content-layout":"","site-content-style":"default","site-sidebar-style":"default","ast-global-header-display":"","ast-banner-title-visibility":"","ast-main-header-display":"","ast-hfb-above-header-display":"","ast-hfb-below-header-display":"","ast-hfb-mobile-header-display":"","site-post-title":"disabled","ast-breadcrumbs-content":"","ast-featured-img":"","footer-sml-layout":"","theme-transparent-header-meta":"default","adv-header-id-meta":"","stick-header-meta":"","header-above-stick-meta":"","header-main-stick-meta":"","header-below-stick-meta":"","astra-migrate-meta-layouts":"default","ast-page-background-enabled":"default","ast-page-background-meta":{"desktop":{"background-color":"","background-image":"","background-repeat":"repeat","background-position":"center center","background-size":"auto","background-attachment":"scroll","background-type":"","background-media":"","overlay-type":"","overlay-color":"","overlay-gradient":""},"tablet":{"background-color":"","background-image":"","background-repeat":"repeat","background-position":"center center","background-size":"auto","background-attachment":"scroll","background-type":"","background-media":"","overlay-type":"","overlay-color":"","overlay-gradient":""},"mobile":{"background-color":"","background-image":"","background-repeat":"repeat","background-position":"center center","background-size":"auto","background-attachment":"scroll","background-type":"","background-media":"","overlay-type":"","overlay-color":"","overlay-gradient":""}},"ast-content-background-meta":{"desktop":{"background-color":"var(--ast-global-color-5)","background-image":"","background-repeat":"repeat","background-position":"center center","background-size":"auto","background-attachment":"scroll","background-type":"","background-media":"","overlay-type":"","overlay-color":"","overlay-gradient":""},"tablet":{"background-color":"var(--ast-global-color-5)","background-image":"","background-repeat":"repeat","background-position":"center center","background-size":"auto","background-attachment":"scroll","background-type":"","background-media":"","overlay-type":"","overlay-color":"","overlay-gradient":""},"mobile":{"background-color":"var(--ast-global-color-5)","background-image":"","background-repeat":"repeat","background-position":"center center","background-size":"auto","background-attachment":"scroll","background-type":"","background-media":"","overlay-type":"","overlay-color":"","overlay-gradient":""}},"footnotes":""},"_links":{"self":[{"href":"https:\/\/fhukserodruk.pl\/index.php\/wp-json\/wp\/v2\/pages\/41"}],"collection":[{"href":"https:\/\/fhukserodruk.pl\/index.php\/wp-json\/wp\/v2\/pages"}],"about":[{"href":"https:\/\/fhukserodruk.pl\/index.php\/wp-json\/wp\/v2\/types\/page"}],"author":[{"embeddable":true,"href":"https:\/\/fhukserodruk.pl\/index.php\/wp-json\/wp\/v2\/users\/1"}],"replies":[{"embeddable":true,"href":"https:\/\/fhukserodruk.pl\/index.php\/wp-json\/wp\/v2\/comments?post=41"}],"version-history":[{"count":38,"href":"https:\/\/fhukserodruk.pl\/index.php\/wp-json\/wp\/v2\/pages\/41\/revisions"}],"predecessor-version":[{"id":3230,"href":"https:\/\/fhukserodruk.pl\/index.php\/wp-json\/wp\/v2\/pages\/41\/revisions\/3230"}],"wp:attachment":[{"href":"https:\/\/fhukserodruk.pl\/index.php\/wp-json\/wp\/v2\/media?parent=41"}],"curies":[{"name":"wp","href":"https:\/\/api.w.org\/{rel}","templated":true}]}}