{"id":43,"date":"2017-12-17T10:06:43","date_gmt":"2017-12-17T10:06:43","guid":{"rendered":"http:\/\/fhukserodruk.pl\/index.php\/about\/"},"modified":"2021-05-27T11:19:28","modified_gmt":"2021-05-27T11:19:28","slug":"0-nas","status":"publish","type":"page","link":"https:\/\/fhukserodruk.pl\/index.php\/0-nas\/","title":{"rendered":"O nas"},"content":{"rendered":"\t\t<div data-elementor-type=\"wp-post\" data-elementor-id=\"43\" class=\"elementor elementor-43\">\n\t\t\t\t\t\t\t\t\t<section class=\"elementor-section elementor-top-section elementor-element elementor-element-8c39fce elementor-section-content-middle elementor-section-boxed elementor-section-height-default elementor-section-height-default\" data-id=\"8c39fce\" data-element_type=\"section\" data-settings=\"{&quot;background_background&quot;:&quot;classic&quot;}\">\n\t\t\t\t\t\t\t<div class=\"elementor-background-overlay\"><\/div>\n\t\t\t\t\t\t\t<div class=\"elementor-container elementor-column-gap-no\">\n\t\t\t\t\t<div class=\"elementor-column elementor-col-100 elementor-top-column elementor-element elementor-element-b1952b1\" data-id=\"b1952b1\" data-element_type=\"column\">\n\t\t\t<div class=\"elementor-widget-wrap elementor-element-populated\">\n\t\t\t\t\t\t\t\t<div class=\"elementor-element elementor-element-03b93f0 elementor-widget elementor-widget-heading\" data-id=\"03b93f0\" data-element_type=\"widget\" data-widget_type=\"heading.default\">\n\t\t\t\t<div class=\"elementor-widget-container\">\n\t\t\t<h1 class=\"elementor-heading-title elementor-size-default\">O nas<\/h1>\t\t<\/div>\n\t\t\t\t<\/div>\n\t\t\t\t\t<\/div>\n\t\t<\/div>\n\t\t\t\t\t\t\t<\/div>\n\t\t<\/section>\n\t\t\t\t<section class=\"elementor-section elementor-top-section elementor-element elementor-element-d28c655 elementor-section-full_width elementor-section-height-default elementor-section-height-default\" data-id=\"d28c655\" data-element_type=\"section\">\n\t\t\t\t\t\t<div class=\"elementor-container elementor-column-gap-default\">\n\t\t\t\t\t<div class=\"elementor-column elementor-col-100 elementor-top-column elementor-element elementor-element-997bde8\" data-id=\"997bde8\" data-element_type=\"column\" data-settings=\"{&quot;background_background&quot;:&quot;classic&quot;}\">\n\t\t\t<div class=\"elementor-widget-wrap elementor-element-populated\">\n\t\t\t\t\t\t\t\t<div class=\"elementor-element elementor-element-0013cd0 elementor-widget elementor-widget-text-editor\" data-id=\"0013cd0\" data-element_type=\"widget\" data-widget_type=\"text-editor.default\">\n\t\t\t\t<div class=\"elementor-widget-container\">\n\t\t\t\t\t\t\t<h3><strong>Kim jeste\u015bmy<\/strong><\/h3><div><p>\u00a0 \u00a0\u00a0\u00a0 \u00a0 <span style=\"font-size: 20px;\">Firma Handlowo Us\u0142ugowa KSERO-DRUK Pawe\u0142 Ga\u0142a obejmuje swoim zakresem sprzeda\u017c oraz dystrybucj\u0119 materia\u0142\u00f3w eksploatacyjnych do drukarek i kserokopiarek oraz zapewnia serwis i mo\u017cliwo\u015b\u0107 zakupu sprz\u0119tu drukuj\u0105cego.<br \/><\/span><span style=\"font-size: 20px;\">FHU KSERO-DRUK Pawe\u0142 Ga\u0142a poprzez fachowe i rzetelne podej\u015bcie do swoich klient\u00f3w oferuje wysokiej jako\u015bci produkty spe\u0142niaj\u0105ce oczekiwania ka\u017cdego klienta. Zapewniamy regularne dostawy toner\u00f3w i tuszy atramentowych do kserokopiarek i drukarek kolorowych jak i czarno-bia\u0142ych. Nasza oferta obejmuje produkty oryginalne jak i zast\u0119pcze zapewniaj\u0105ce prawid\u0142ow\u0105 prac\u0119 ka\u017cdego urz\u0105dzenia biurowego.<br \/><span style=\"font-size: 20px;\">Dodatkowo FHU KSERO-DRUK Pawe\u0142 Ga\u0142a prowadzi serwis urz\u0105dze\u0144 biurowych w rejonie powiatu cz\u0119stochowskiego, ponadto prowadzi sprzeda\u017c urz\u0105dze\u0144 drukuj\u0105cych zar\u00f3wno fabrycznie nowych jak i u\u017cywanych.<br \/><\/span><\/span><span style=\"font-size: 20px;\">W zakresie us\u0142ug wykonujemy:<br \/><\/span><span style=\"font-size: 20px;\">&gt; instalacj\u0119 sprz\u0119tu drukuj\u0105cego z zapewnieniem odpowiednich materia\u0142\u00f3w eksploatacyjnych,<br \/><\/span><span style=\"font-size: 20px;\">&gt; kompleksow\u0105 obs\u0142ug\u0119 w zakresie doradztwa oraz doboru sprz\u0119tu drukuj\u0105cego,<br \/><\/span><span style=\"font-size: 20px;\">&gt; obs\u0142ug\u0119 serwisow\u0105 gwarancyjn\u0105 i pogwarancyjn\u0105,<br \/><\/span><span style=\"font-size: 20px;\">&gt; us\u0142ugi konsultingowe, <br \/>&gt; pomoc techniczn\u0105,<br \/><\/span><span style=\"font-size: 20px;\">&gt; szkolenie w obs\u0142udze zakupionego sprz\u0119tu,<br \/><\/span><span style=\"font-size: 20px;\">FHU KSERO-DRUK Pawe\u0142 Ga\u0142a do ka\u017cdego klienta podchodzi indywidualnie, staraj\u0105c si\u0119 pozna\u0107 jego potrzeby.<br \/><\/span><span style=\"font-size: 20px;\">\u00a0 \u00a0Cele i kryteria przy\u015bwiecaj\u0105ce firmie:<br \/><\/span><span style=\"font-size: 20px;\">&gt; pe\u0142na satysfakcja klienta;<br \/><\/span><span style=\"font-size: 20px;\">&gt; profesjonalne podej\u015bcie do wykonywanych obowi\u0105zk\u00f3w i powierzonych zada\u0144;<br \/><\/span><span style=\"font-size: 20px;\">&gt; budowanie dobrych relacji z klientem z nastawieniem na d\u0142ugotrwa\u0142\u0105 wsp\u00f3\u0142prac\u0119;<br \/><\/span><span style=\"font-size: 20px;\">&gt; minimalizacja ryzyka przy zakupie sprz\u0119tu drukuj\u0105cego;<br \/><\/span><span style=\"font-size: 20px;\">&gt; terminowo\u015b\u0107 dostaw i wykonania us\u0142ug;<br \/><\/span><span style=\"font-size: 20px;\">&gt; kompleksowe podej\u015bcie do wykonywanych zlece\u0144 zapewni\u0105 wysok\u0105 jako\u015b\u0107 sprzeda\u017cy, obs\u0142ugi i serwisu.<br \/><\/span><span style=\"font-size: 20px;\">\u00a0 \u00a0 \u00a0FHH KSERO-DRUK Pawe\u0142 Ga\u0142a obs\u0142uguje prywatne firmy, przedsi\u0119biorstwa, urz\u0119dy z sektora publicznego, finansowego, szko\u0142y oraz uczelnie wy\u017csze oraz klient\u00f3w indywidualnych.<br \/><\/span><span style=\"font-size: 20px;\">\u00a0 \u00a0 \u00a0FHH KSERO-DRUK Pawe\u0142 Ga\u0142a zapewnia bezp\u0142atn\u0105 dostaw\u0119 zakupionych towar\u00f3w dla firm i instytucji publicznych na terenie Cz\u0119stochowy.<br \/><br \/><\/span><span style=\"font-size: 20px;\">\u00a0Zapraszamy do sprawdzenia naszej pe\u0142nej oferty oraz kontaktu pod nr\u00a0<\/span><b style=\"font-style: inherit;\">698 397 044<\/b><span style=\"font-size: 20px;\"> od poniedzia\u0142ku do pi\u0105tku\u00a0<\/span><span style=\"font-size: 20px;\">w godz. od 8.00 do 16.00 oraz poprzez e-mail:<\/span><a style=\"font-size: 20px; background-color: #ffffff;\" href=\"mailto:kserodruk@onet.pl\">\u00a0<b>kserodruk@onet.pl<\/b><\/a><span style=\"font-size: 20px;\">\u00a0.<\/span><\/p><\/div>\t\t\t\t\t\t<\/div>\n\t\t\t\t<\/div>\n\t\t\t\t\t<\/div>\n\t\t<\/div>\n\t\t\t\t\t\t\t<\/div>\n\t\t<\/section>\n\t\t\t\t<section class=\"elementor-section elementor-top-section elementor-element elementor-element-d0ca6fa elementor-section-boxed elementor-section-height-default elementor-section-height-default\" data-id=\"d0ca6fa\" data-element_type=\"section\" data-settings=\"{&quot;background_background&quot;:&quot;classic&quot;}\">\n\t\t\t\t\t\t\t<div class=\"elementor-background-overlay\"><\/div>\n\t\t\t\t\t\t\t<div class=\"elementor-container elementor-column-gap-no\">\n\t\t\t\t\t<div class=\"elementor-column elementor-col-100 elementor-top-column elementor-element elementor-element-a5fd6c9\" data-id=\"a5fd6c9\" data-element_type=\"column\">\n\t\t\t<div class=\"elementor-widget-wrap elementor-element-populated\">\n\t\t\t\t\t\t\t\t<section class=\"elementor-section elementor-inner-section elementor-element elementor-element-a303f5d elementor-section-boxed elementor-section-height-default elementor-section-height-default\" data-id=\"a303f5d\" data-element_type=\"section\">\n\t\t\t\t\t\t<div class=\"elementor-container elementor-column-gap-no\">\n\t\t\t\t\t<div class=\"elementor-column elementor-col-33 elementor-inner-column elementor-element elementor-element-e73edb7\" data-id=\"e73edb7\" data-element_type=\"column\">\n\t\t\t<div class=\"elementor-widget-wrap\">\n\t\t\t\t\t\t\t\t\t<\/div>\n\t\t<\/div>\n\t\t\t\t<div class=\"elementor-column elementor-col-33 elementor-inner-column elementor-element elementor-element-3e8cc37\" data-id=\"3e8cc37\" data-element_type=\"column\" data-settings=\"{&quot;background_background&quot;:&quot;classic&quot;}\">\n\t\t\t<div class=\"elementor-widget-wrap elementor-element-populated\">\n\t\t\t\t\t\t\t\t<div class=\"elementor-element elementor-element-f901c0f elementor-widget-divider--view-line elementor-widget elementor-widget-divider\" data-id=\"f901c0f\" data-element_type=\"widget\" data-widget_type=\"divider.default\">\n\t\t\t\t<div class=\"elementor-widget-container\">\n\t\t\t\t\t<div class=\"elementor-divider\">\n\t\t\t<span class=\"elementor-divider-separator\">\n\t\t\t\t\t\t<\/span>\n\t\t<\/div>\n\t\t\t\t<\/div>\n\t\t\t\t<\/div>\n\t\t\t\t<div class=\"elementor-element elementor-element-5258264 elementor-widget elementor-widget-heading\" data-id=\"5258264\" data-element_type=\"widget\" data-widget_type=\"heading.default\">\n\t\t\t\t<div class=\"elementor-widget-container\">\n\t\t\t<h2 class=\"elementor-heading-title elementor-size-default\">Szukaj nas<\/h2>\t\t<\/div>\n\t\t\t\t<\/div>\n\t\t\t\t<div class=\"elementor-element elementor-element-ffab11b elementor-shape-rounded elementor-grid-0 e-grid-align-center elementor-widget elementor-widget-social-icons\" data-id=\"ffab11b\" data-element_type=\"widget\" data-widget_type=\"social-icons.default\">\n\t\t\t\t<div class=\"elementor-widget-container\">\n\t\t\t\t\t<div class=\"elementor-social-icons-wrapper elementor-grid\">\n\t\t\t\t\t\t\t<span class=\"elementor-grid-item\">\n\t\t\t\t\t<a class=\"elementor-icon elementor-social-icon elementor-social-icon-facebook elementor-repeater-item-9e740e1\">\n\t\t\t\t\t\t<span class=\"elementor-screen-only\">Facebook<\/span>\n\t\t\t\t\t\t\t\t\t\t\t\t\t<i class=\"fa fa-facebook\"><\/i>\n\t\t\t\t\t\t\t\t\t\t\t<\/a>\n\t\t\t\t<\/span>\n\t\t\t\t\t\t\t<span class=\"elementor-grid-item\">\n\t\t\t\t\t<a class=\"elementor-icon elementor-social-icon elementor-social-icon-twitter elementor-repeater-item-525c1b1\">\n\t\t\t\t\t\t<span class=\"elementor-screen-only\">Twitter<\/span>\n\t\t\t\t\t\t\t\t\t\t\t\t\t<i class=\"fa fa-twitter\"><\/i>\n\t\t\t\t\t\t\t\t\t\t\t<\/a>\n\t\t\t\t<\/span>\n\t\t\t\t\t\t\t<span class=\"elementor-grid-item\">\n\t\t\t\t\t<a class=\"elementor-icon elementor-social-icon elementor-social-icon-instagram elementor-repeater-item-65ca331\">\n\t\t\t\t\t\t<span class=\"elementor-screen-only\">Instagram<\/span>\n\t\t\t\t\t\t\t\t\t\t\t\t\t<i class=\"fa fa-instagram\"><\/i>\n\t\t\t\t\t\t\t\t\t\t\t<\/a>\n\t\t\t\t<\/span>\n\t\t\t\t\t\t\t<span class=\"elementor-grid-item\">\n\t\t\t\t\t<a class=\"elementor-icon elementor-social-icon elementor-social-icon-google-plus elementor-repeater-item-347f36d\">\n\t\t\t\t\t\t<span class=\"elementor-screen-only\">Google-plus<\/span>\n\t\t\t\t\t\t\t\t\t\t\t\t\t<i class=\"fa fa-google-plus\"><\/i>\n\t\t\t\t\t\t\t\t\t\t\t<\/a>\n\t\t\t\t<\/span>\n\t\t\t\t\t<\/div>\n\t\t\t\t<\/div>\n\t\t\t\t<\/div>\n\t\t\t\t\t<\/div>\n\t\t<\/div>\n\t\t\t\t<div class=\"elementor-column elementor-col-33 elementor-inner-column elementor-element elementor-element-45d9c5b\" data-id=\"45d9c5b\" data-element_type=\"column\">\n\t\t\t<div class=\"elementor-widget-wrap\">\n\t\t\t\t\t\t\t\t\t<\/div>\n\t\t<\/div>\n\t\t\t\t\t\t\t<\/div>\n\t\t<\/section>\n\t\t\t\t\t<\/div>\n\t\t<\/div>\n\t\t\t\t\t\t\t<\/div>\n\t\t<\/section>\n\t\t\t\t<section class=\"elementor-section elementor-top-section elementor-element elementor-element-5fcd7bf elementor-section-boxed elementor-section-height-default elementor-section-height-default\" data-id=\"5fcd7bf\" data-element_type=\"section\" data-settings=\"{&quot;background_background&quot;:&quot;classic&quot;}\">\n\t\t\t\t\t\t<div class=\"elementor-container elementor-column-gap-default\">\n\t\t\t\t\t<div class=\"elementor-column elementor-col-100 elementor-top-column elementor-element elementor-element-f7ff22e\" data-id=\"f7ff22e\" data-element_type=\"column\">\n\t\t\t<div class=\"elementor-widget-wrap elementor-element-populated\">\n\t\t\t\t\t\t\t\t<section class=\"elementor-section elementor-inner-section elementor-element elementor-element-903d707 elementor-section-boxed elementor-section-height-default elementor-section-height-default\" data-id=\"903d707\" data-element_type=\"section\">\n\t\t\t\t\t\t<div class=\"elementor-container elementor-column-gap-default\">\n\t\t\t\t\t<div class=\"elementor-column elementor-col-25 elementor-inner-column elementor-element elementor-element-75a1342\" data-id=\"75a1342\" data-element_type=\"column\">\n\t\t\t<div class=\"elementor-widget-wrap elementor-element-populated\">\n\t\t\t\t\t\t\t\t<div class=\"elementor-element elementor-element-0cff59d elementor-position-top elementor-widget elementor-widget-image-box\" data-id=\"0cff59d\" data-element_type=\"widget\" data-widget_type=\"image-box.default\">\n\t\t\t\t<div class=\"elementor-widget-container\">\n\t\t\t<div class=\"elementor-image-box-wrapper\"><figure class=\"elementor-image-box-img\"><img decoding=\"async\" width=\"120\" height=\"120\" src=\"https:\/\/fhukserodruk.pl\/wp-content\/uploads\/2018\/12\/globe-free-img.png\" class=\"attachment-full size-full wp-image-586\" alt=\"\" srcset=\"https:\/\/fhukserodruk.pl\/wp-content\/uploads\/2018\/12\/globe-free-img.png 120w, https:\/\/fhukserodruk.pl\/wp-content\/uploads\/2018\/12\/globe-free-img-100x100.png 100w\" sizes=\"(max-width: 120px) 100vw, 120px\" \/><\/figure><div class=\"elementor-image-box-content\"><h5 class=\"elementor-image-box-title\">Wysy\u0142ka na ca\u0142ym \u015bwiecie<\/h5><p class=\"elementor-image-box-description\">Dostawy realizowane s\u0105 we wsp\u00f3\u0142pracy z mi\u0119dzynarodowymi kurierami takimi jak DHL, UPS, GLS, Fed Ex i innymi.<\/p><\/div><\/div>\t\t<\/div>\n\t\t\t\t<\/div>\n\t\t\t\t\t<\/div>\n\t\t<\/div>\n\t\t\t\t<div class=\"elementor-column elementor-col-25 elementor-inner-column elementor-element elementor-element-1f9096c\" data-id=\"1f9096c\" data-element_type=\"column\">\n\t\t\t<div class=\"elementor-widget-wrap elementor-element-populated\">\n\t\t\t\t\t\t\t\t<div class=\"elementor-element elementor-element-a2efd76 elementor-position-top elementor-widget elementor-widget-image-box\" data-id=\"a2efd76\" data-element_type=\"widget\" data-widget_type=\"image-box.default\">\n\t\t\t\t<div class=\"elementor-widget-container\">\n\t\t\t<div class=\"elementor-image-box-wrapper\"><figure class=\"elementor-image-box-img\"><img decoding=\"async\" width=\"120\" height=\"120\" src=\"https:\/\/fhukserodruk.pl\/wp-content\/uploads\/2018\/12\/quality-free-img.png\" class=\"attachment-full size-full wp-image-588\" alt=\"\" srcset=\"https:\/\/fhukserodruk.pl\/wp-content\/uploads\/2018\/12\/quality-free-img.png 120w, https:\/\/fhukserodruk.pl\/wp-content\/uploads\/2018\/12\/quality-free-img-100x100.png 100w\" sizes=\"(max-width: 120px) 100vw, 120px\" \/><\/figure><div class=\"elementor-image-box-content\"><h5 class=\"elementor-image-box-title\">Najlepsza jako\u015b\u0107<\/h5><p class=\"elementor-image-box-description\">Zapewniamy dostawy materia\u0142\u00f3w eksploatacyjnych najwy\u017cszej jako\u015bci jakie s\u0105 dost\u0119pne na rynku.<\/p><\/div><\/div>\t\t<\/div>\n\t\t\t\t<\/div>\n\t\t\t\t\t<\/div>\n\t\t<\/div>\n\t\t\t\t<div class=\"elementor-column elementor-col-25 elementor-inner-column elementor-element elementor-element-4f483de\" data-id=\"4f483de\" data-element_type=\"column\">\n\t\t\t<div class=\"elementor-widget-wrap elementor-element-populated\">\n\t\t\t\t\t\t\t\t<div class=\"elementor-element elementor-element-76dcf93 elementor-position-top elementor-widget elementor-widget-image-box\" data-id=\"76dcf93\" data-element_type=\"widget\" data-widget_type=\"image-box.default\">\n\t\t\t\t<div class=\"elementor-widget-container\">\n\t\t\t<div class=\"elementor-image-box-wrapper\"><figure class=\"elementor-image-box-img\"><img decoding=\"async\" width=\"120\" height=\"120\" src=\"https:\/\/fhukserodruk.pl\/wp-content\/uploads\/2018\/12\/tag-free-img.png\" class=\"attachment-full size-full wp-image-589\" alt=\"\" srcset=\"https:\/\/fhukserodruk.pl\/wp-content\/uploads\/2018\/12\/tag-free-img.png 120w, https:\/\/fhukserodruk.pl\/wp-content\/uploads\/2018\/12\/tag-free-img-100x100.png 100w\" sizes=\"(max-width: 120px) 100vw, 120px\" \/><\/figure><div class=\"elementor-image-box-content\"><h5 class=\"elementor-image-box-title\">Najlepsze oferty<\/h5><p class=\"elementor-image-box-description\">Nasza oferta spe\u0142nia wszystkie stawiane przez klienta wymagania.<\/p><\/div><\/div>\t\t<\/div>\n\t\t\t\t<\/div>\n\t\t\t\t\t<\/div>\n\t\t<\/div>\n\t\t\t\t<div class=\"elementor-column elementor-col-25 elementor-inner-column elementor-element elementor-element-d60d81d\" data-id=\"d60d81d\" data-element_type=\"column\">\n\t\t\t<div class=\"elementor-widget-wrap elementor-element-populated\">\n\t\t\t\t\t\t\t\t<div class=\"elementor-element elementor-element-28d9091 elementor-position-top elementor-widget elementor-widget-image-box\" data-id=\"28d9091\" data-element_type=\"widget\" data-widget_type=\"image-box.default\">\n\t\t\t\t<div class=\"elementor-widget-container\">\n\t\t\t<div class=\"elementor-image-box-wrapper\"><figure class=\"elementor-image-box-img\"><img loading=\"lazy\" decoding=\"async\" width=\"120\" height=\"120\" src=\"https:\/\/fhukserodruk.pl\/wp-content\/uploads\/2018\/12\/lock-free-img.png\" class=\"attachment-full size-full wp-image-587\" alt=\"\" srcset=\"https:\/\/fhukserodruk.pl\/wp-content\/uploads\/2018\/12\/lock-free-img.png 120w, https:\/\/fhukserodruk.pl\/wp-content\/uploads\/2018\/12\/lock-free-img-100x100.png 100w\" sizes=\"(max-width: 120px) 100vw, 120px\" \/><\/figure><div class=\"elementor-image-box-content\"><h5 class=\"elementor-image-box-title\">Bezpieczne p\u0142atno\u015bci<\/h5><p class=\"elementor-image-box-description\">Gwarantujemy bezpieczny system p\u0142atno\u015bci za zakupione towary.<\/p><\/div><\/div>\t\t<\/div>\n\t\t\t\t<\/div>\n\t\t\t\t\t<\/div>\n\t\t<\/div>\n\t\t\t\t\t\t\t<\/div>\n\t\t<\/section>\n\t\t\t\t\t<\/div>\n\t\t<\/div>\n\t\t\t\t\t\t\t<\/div>\n\t\t<\/section>\n\t\t\t\t\t\t\t<\/div>\n\t\t","protected":false},"excerpt":{"rendered":"<p>O nas Kim jeste\u015bmy \u00a0 \u00a0\u00a0\u00a0 \u00a0 Firma Handlowo Us\u0142ugowa KSERO-DRUK Pawe\u0142 Ga\u0142a obejmuje swoim zakresem sprzeda\u017c oraz dystrybucj\u0119 materia\u0142\u00f3w eksploatacyjnych do drukarek i kserokopiarek oraz zapewnia serwis i mo\u017cliwo\u015b\u0107 zakupu sprz\u0119tu drukuj\u0105cego.FHU KSERO-DRUK Pawe\u0142 Ga\u0142a poprzez fachowe i rzetelne podej\u015bcie do swoich klient\u00f3w oferuje wysokiej jako\u015bci produkty spe\u0142niaj\u0105ce oczekiwania ka\u017cdego klienta. Zapewniamy regularne dostawy [&hellip;]<\/p>\n","protected":false},"author":1,"featured_media":0,"parent":0,"menu_order":0,"comment_status":"closed","ping_status":"closed","template":"","meta":{"site-sidebar-layout":"no-sidebar","site-content-layout":"page-builder","ast-site-content-layout":"","site-content-style":"default","site-sidebar-style":"default","ast-global-header-display":"","ast-banner-title-visibility":"","ast-main-header-display":"","ast-hfb-above-header-display":"","ast-hfb-below-header-display":"","ast-hfb-mobile-header-display":"","site-post-title":"disabled","ast-breadcrumbs-content":"","ast-featured-img":"","footer-sml-layout":"","theme-transparent-header-meta":"enabled","adv-header-id-meta":"","stick-header-meta":"","header-above-stick-meta":"","header-main-stick-meta":"","header-below-stick-meta":"","astra-migrate-meta-layouts":"default","ast-page-background-enabled":"default","ast-page-background-meta":{"desktop":{"background-color":"","background-image":"","background-repeat":"repeat","background-position":"center center","background-size":"auto","background-attachment":"scroll","background-type":"","background-media":"","overlay-type":"","overlay-color":"","overlay-gradient":""},"tablet":{"background-color":"","background-image":"","background-repeat":"repeat","background-position":"center center","background-size":"auto","background-attachment":"scroll","background-type":"","background-media":"","overlay-type":"","overlay-color":"","overlay-gradient":""},"mobile":{"background-color":"","background-image":"","background-repeat":"repeat","background-position":"center center","background-size":"auto","background-attachment":"scroll","background-type":"","background-media":"","overlay-type":"","overlay-color":"","overlay-gradient":""}},"ast-content-background-meta":{"desktop":{"background-color":"var(--ast-global-color-5)","background-image":"","background-repeat":"repeat","background-position":"center center","background-size":"auto","background-attachment":"scroll","background-type":"","background-media":"","overlay-type":"","overlay-color":"","overlay-gradient":""},"tablet":{"background-color":"var(--ast-global-color-5)","background-image":"","background-repeat":"repeat","background-position":"center center","background-size":"auto","background-attachment":"scroll","background-type":"","background-media":"","overlay-type":"","overlay-color":"","overlay-gradient":""},"mobile":{"background-color":"var(--ast-global-color-5)","background-image":"","background-repeat":"repeat","background-position":"center center","background-size":"auto","background-attachment":"scroll","background-type":"","background-media":"","overlay-type":"","overlay-color":"","overlay-gradient":""}},"footnotes":""},"_links":{"self":[{"href":"https:\/\/fhukserodruk.pl\/index.php\/wp-json\/wp\/v2\/pages\/43"}],"collection":[{"href":"https:\/\/fhukserodruk.pl\/index.php\/wp-json\/wp\/v2\/pages"}],"about":[{"href":"https:\/\/fhukserodruk.pl\/index.php\/wp-json\/wp\/v2\/types\/page"}],"author":[{"embeddable":true,"href":"https:\/\/fhukserodruk.pl\/index.php\/wp-json\/wp\/v2\/users\/1"}],"replies":[{"embeddable":true,"href":"https:\/\/fhukserodruk.pl\/index.php\/wp-json\/wp\/v2\/comments?post=43"}],"version-history":[{"count":68,"href":"https:\/\/fhukserodruk.pl\/index.php\/wp-json\/wp\/v2\/pages\/43\/revisions"}],"predecessor-version":[{"id":3226,"href":"https:\/\/fhukserodruk.pl\/index.php\/wp-json\/wp\/v2\/pages\/43\/revisions\/3226"}],"wp:attachment":[{"href":"https:\/\/fhukserodruk.pl\/index.php\/wp-json\/wp\/v2\/media?parent=43"}],"curies":[{"name":"wp","href":"https:\/\/api.w.org\/{rel}","templated":true}]}}