{"id":3142,"date":"2021-05-25T10:00:36","date_gmt":"2021-05-25T10:00:36","guid":{"rendered":"http:\/\/fhukserodruk.pl\/?post_type=product&#038;p=3142"},"modified":"2021-05-27T23:59:20","modified_gmt":"2021-05-27T23:59:20","slug":"brother-dcp-j525-tusze-oryginalne-brother-lc-1220-cmyk-komplet-kopia","status":"publish","type":"product","link":"https:\/\/fhukserodruk.pl\/index.php\/produkt\/brother-dcp-j525-tusze-oryginalne-brother-lc-1220-cmyk-komplet-kopia\/","title":{"rendered":"Brother DCP-J525 &#8211; Tusze Oryginalne Brother LC-1220 CMYK (komplet)"},"content":{"rendered":"<p>Zestaw LC-1240VALBP sk\u0142ada si\u0119 z tuszy w kolorach:<br \/>\n<span style=\"color: #0000ff;\">&gt; <a style=\"color: #0000ff;\" href=\"https:\/\/fhukserodruk.pl\/index.php\/produkt\/brother-dcp-j525-oryginalny-tusz-brother-lc-1240m-magenta\/\"><span style=\"font-size: 16px;\">LC-1240M \u2013 magenta<\/span><\/a><\/span><br \/>\n<a href=\"https:\/\/fhukserodruk.pl\/index.php\/produkt\/brother-dcp-j525-oryginalny-tusz-brother-lc-1240bk-czarny\/\"><span style=\"color: #0000ff;\">&gt; LC-1240BK \u2013 czarny<\/span><\/a><br \/>\n<span style=\"color: #0000ff;\"><a style=\"color: #0000ff;\" href=\"https:\/\/fhukserodruk.pl\/index.php\/produkt\/brother-dcp-j525-oryginalny-tusz-brother-lc-1240c-cyan\/\">&gt; LC-1240C \u2013 cyan<\/a><\/span><br \/>\n<span style=\"color: #0000ff;\"><a style=\"color: #0000ff;\" href=\"https:\/\/fhukserodruk.pl\/index.php\/produkt\/brother-dcp-j525-oryginalny-zolty-tusz-brother-lc-1240y\/\">&gt; LC-1240Y \u2013 \u017c\u00f3\u0142ty<\/a><\/span><br \/>\nTusze: LC-1240BK, LC-1240C, LC-1240M i LC-1240Y wchodz\u0105ce w sk\u0142ad zestawu LC-1240VALBP zaprojektowano w celu optymalnej wsp\u00f3\u0142pracy z drukarkami Brother. Zapewniaj\u0105 one najwy\u017csz\u0105 jako\u015b\u0107 ka\u017cdego wydruku.<br \/>\nChocia\u017c korzystanie z ta\u0144szych zamiennik\u00f3w w kr\u00f3tkiej perspektywie mo\u017ce kosztowa\u0107 mniej, nie s\u0105 one wystarczaj\u0105co kompatybilne z urz\u0105dzeniami firmy Brother. Zamienne, cz\u0119sto gorsze jako\u015bciowo produkty mog\u0105 prowadzi\u0107 do problem\u00f3w z drukowaniem, a nawet doprowadzi\u0107 do uszkodzenia urz\u0105dze\u0144.<br \/>\nDecyzja o zakupie oryginalnego zestawu tuszy LC-1240VALBP zapewnia najwy\u017csz\u0105 jako\u015b\u0107 pracy drukarki, a tak\u017ce pozwala utrzyma\u0107 wa\u017cno\u015b\u0107 gwarancji, tym samym prowadz\u0105c do spokojnego u\u017cytkowania przez lata.<br \/>\nWydajno\u015b\u0107 druku ka\u017cdego z nich wynosi do 600 stron.<br \/>\nProducent: Brother<br \/>\nKod producenta: LC-1220VALBP<br \/>\nRodzaj: Tusze<br \/>\nTyp: Oryginalne<br \/>\n<strong>Tusze pasuj\u0105 do drukarek:<\/strong><br \/>\nBrother DCP-J525 W,\u00a0 Brother MFC-J430 W,\u00a0 Brother MFC-J835 DW<br \/>\nBrother DCP-J725 DW,\u00a0 Brother MFC-J625 DW<br \/>\nBrother DCP-J925 DW,\u00a0 Brother MFC-J825 DW<\/p>\n","protected":false},"excerpt":{"rendered":"<ul>\n<li>Tusze Oryginalne Brother LC-1220 CMYK (LC-1220VALBP) (komplet)<\/li>\n<li>Producent: Brother<\/li>\n<li>Kod producenta: LC-1220VALBP<\/li>\n<li>Rodzaj: Tusze<\/li>\n<li>Typ: Oryginalne<\/li>\n<li>Kolor: Czarny, \u017b\u00f3\u0142ty, Purpurowy, B\u0142\u0119kitny<\/li>\n<li>Ka\u017cdy tusz zapewnia wydajno\u015b\u0107 druku do 600 stron zgodnie z norm\u0105 ISO\/IEC 24711.<\/li>\n<li><strong>PRODUKTY POKREWNE<\/strong><br \/>\n<span style=\"color: #0000ff;\">&gt; <a style=\"color: #0000ff;\" href=\"https:\/\/fhukserodruk.pl\/index.php\/produkt\/brother-dcp-j525-oryginalny-tusz-brother-lc-1240m-magenta\/\"><span style=\"font-size: 16px;\">LC-1240M \u2013 magenta<\/span><\/a><\/span><br \/>\n<a href=\"https:\/\/fhukserodruk.pl\/index.php\/produkt\/brother-dcp-j525-oryginalny-tusz-brother-lc-1240bk-czarny\/\"><span style=\"color: #0000ff;\">&gt; LC-1240BK \u2013 czarny<\/span><\/a><br \/>\n<span style=\"color: #0000ff;\"><a style=\"color: #0000ff;\" href=\"https:\/\/fhukserodruk.pl\/index.php\/produkt\/brother-dcp-j525-oryginalny-tusz-brother-lc-1240c-cyan\/\">&gt; LC-1240C \u2013 cyan<\/a><\/span><br \/>\n<span style=\"color: #0000ff;\"><a style=\"color: #0000ff;\" href=\"https:\/\/fhukserodruk.pl\/index.php\/produkt\/brother-dcp-j525-oryginalny-zolty-tusz-brother-lc-1240y\/\">&gt; LC-1240Y \u2013 \u017c\u00f3\u0142ty<\/a><\/span><\/li>\n<\/ul>\n","protected":false},"featured_media":3127,"template":"","meta":{"site-sidebar-layout":"default","site-content-layout":"default","ast-site-content-layout":"","site-content-style":"default","site-sidebar-style":"default","ast-global-header-display":"","ast-banner-title-visibility":"","ast-main-header-display":"","ast-hfb-above-header-display":"","ast-hfb-below-header-display":"","ast-hfb-mobile-header-display":"","site-post-title":"","ast-breadcrumbs-content":"","ast-featured-img":"","footer-sml-layout":"","theme-transparent-header-meta":"default","adv-header-id-meta":"","stick-header-meta":"","header-above-stick-meta":"","header-main-stick-meta":"","header-below-stick-meta":"","astra-migrate-meta-layouts":"default","ast-page-background-enabled":"default","ast-page-background-meta":{"desktop":{"background-color":"","background-image":"","background-repeat":"repeat","background-position":"center center","background-size":"auto","background-attachment":"scroll","background-type":"","background-media":"","overlay-type":"","overlay-color":"","overlay-gradient":""},"tablet":{"background-color":"","background-image":"","background-repeat":"repeat","background-position":"center center","background-size":"auto","background-attachment":"scroll","background-type":"","background-media":"","overlay-type":"","overlay-color":"","overlay-gradient":""},"mobile":{"background-color":"","background-image":"","background-repeat":"repeat","background-position":"center center","background-size":"auto","background-attachment":"scroll","background-type":"","background-media":"","overlay-type":"","overlay-color":"","overlay-gradient":""}},"ast-content-background-meta":{"desktop":{"background-color":"var(--ast-global-color-5)","background-image":"","background-repeat":"repeat","background-position":"center center","background-size":"auto","background-attachment":"scroll","background-type":"","background-media":"","overlay-type":"","overlay-color":"","overlay-gradient":""},"tablet":{"background-color":"var(--ast-global-color-5)","background-image":"","background-repeat":"repeat","background-position":"center center","background-size":"auto","background-attachment":"scroll","background-type":"","background-media":"","overlay-type":"","overlay-color":"","overlay-gradient":""},"mobile":{"background-color":"var(--ast-global-color-5)","background-image":"","background-repeat":"repeat","background-position":"center center","background-size":"auto","background-attachment":"scroll","background-type":"","background-media":"","overlay-type":"","overlay-color":"","overlay-gradient":""}}},"product_cat":[24],"product_tag":[],"_links":{"self":[{"href":"https:\/\/fhukserodruk.pl\/index.php\/wp-json\/wp\/v2\/product\/3142"}],"collection":[{"href":"https:\/\/fhukserodruk.pl\/index.php\/wp-json\/wp\/v2\/product"}],"about":[{"href":"https:\/\/fhukserodruk.pl\/index.php\/wp-json\/wp\/v2\/types\/product"}],"version-history":[{"count":12,"href":"https:\/\/fhukserodruk.pl\/index.php\/wp-json\/wp\/v2\/product\/3142\/revisions"}],"predecessor-version":[{"id":3368,"href":"https:\/\/fhukserodruk.pl\/index.php\/wp-json\/wp\/v2\/product\/3142\/revisions\/3368"}],"wp:featuredmedia":[{"embeddable":true,"href":"https:\/\/fhukserodruk.pl\/index.php\/wp-json\/wp\/v2\/media\/3127"}],"wp:attachment":[{"href":"https:\/\/fhukserodruk.pl\/index.php\/wp-json\/wp\/v2\/media?parent=3142"}],"wp:term":[{"taxonomy":"product_cat","embeddable":true,"href":"https:\/\/fhukserodruk.pl\/index.php\/wp-json\/wp\/v2\/product_cat?post=3142"},{"taxonomy":"product_tag","embeddable":true,"href":"https:\/\/fhukserodruk.pl\/index.php\/wp-json\/wp\/v2\/product_tag?post=3142"}],"curies":[{"name":"wp","href":"https:\/\/api.w.org\/{rel}","templated":true}]}}