{"id":3143,"date":"2021-05-25T10:00:59","date_gmt":"2021-05-25T10:00:59","guid":{"rendered":"http:\/\/fhukserodruk.pl\/?post_type=product&#038;p=3143"},"modified":"2021-05-27T23:57:25","modified_gmt":"2021-05-27T23:57:25","slug":"brother-dcp-j525-oryginalny-tusz-brother-lc-1240c-cyan","status":"publish","type":"product","link":"https:\/\/fhukserodruk.pl\/index.php\/produkt\/brother-dcp-j525-oryginalny-tusz-brother-lc-1240c-cyan\/","title":{"rendered":"Brother DCP-J525 Oryginalny tusz Brother LC-1240C \u2013 cyan"},"content":{"rendered":"<div class=\"col-xs-12 col-sm-6 col-md-12 product-detail--container-description\">\n<section class=\"product-detail--section product-detail--product-description\">\n<div class=\"col-xs-12 col-sm-6 col-md-12 product-detail--container-description\">\n<section class=\"product-detail--section product-detail--product-description\">Oryginalny tusz firmy Brother w kolorze cyan LC-1240C zosta\u0142 opracowany w celu zapewnienia najwy\u017cszej jako\u015bci ka\u017cdego wydruku. Tusz posiada w\u0142a\u015bciwo\u015bci zapobiegaj\u0105ce blakni\u0119ciu, co sprawia, \u017ce kolory s\u0105 \u017cywe i zachowuj\u0105 swoj\u0105 intensywno\u015b\u0107 na d\u0142u\u017cej. Zakup oryginalnych tuszy jest gwarancj\u0105 ochrony drukarki atramentowej przed ewentualnymi uszkodzeniami spowodowanymi przez zamienniki.<\/section>\n<\/div>\n<div class=\"col-xs-12 col-sm-6 col-md-12 product-detail--container-features\">\n<section class=\"product-detail--section product-detail--key-features\">\n<h4 class=\"product-detail--key-features--title\">G\u0142\u00f3wne cechy<\/h4>\n<ul class=\"tick-list\">\n<li>Wydajno\u015b\u0107 druku do 600 stron zgodnie z norm\u0105 ISO\/IEC 24711<\/li>\n<li>Wysokiej jako\u015bci, oryginalny tusz firmy Brother<\/li>\n<li>Oszcz\u0119dno\u015b\u0107 papieru, czasu i pieni\u0119dzy<\/li>\n<\/ul>\n<\/section>\n<\/div>\n<\/section>\n<\/div>\n<p>Przy zamawianiu tuszu do drukarki atramentowej warto polega\u0107 na kartrid\u017cu LC-1240BK firmy Brother w celu utrzymania jak najlepszego stanu urz\u0105dzenia i zapewnienia najwy\u017cszej jako\u015bci druku.<br \/>\nWymiana tuszu na ta\u0144szy zamiennik mo\u017ce wydawa\u0107 si\u0119 atrakcyjn\u0105 decyzj\u0105. Nale\u017cy jednak pami\u0119ta\u0107, \u017ce mo\u017ce on nie tylko negatywnie wp\u0142yn\u0105\u0107 na jako\u015b\u0107 druku, ale doprowadzi\u0107 r\u00f3wnie\u017c do d\u0142ugotrwa\u0142ych uszkodze\u0144 drukarki.<br \/>\nOryginalny czarny tusz LC-1240BK zapewnia poprawne funkcjonowanie urz\u0105dzenia a w d\u0142ugiej perspektywie gwarantuje lepszy stosunek jako\u015bci do ceny. LC-1240BK to \u015bwietne rozwi\u0105zanie do domu czy ma\u0142ego biura szukaj\u0105cego oszcz\u0119dno\u015bci przy zapewnieniu wysokiej jako\u015bci wydruk\u00f3w.<br \/>\n<strong>Tusz pasuje do drukarek:<\/strong><br \/>\nBrother DCP-J525 W,\u00a0 Brother MFC-J430 W,\u00a0 Brother MFC-J835 DW<br \/>\nBrother DCP-J725 DW,\u00a0 Brother MFC-J625 DW<br \/>\nBrother DCP-J925 DW,\u00a0 Brother MFC-J825 DW<\/p>\n","protected":false},"excerpt":{"rendered":"<ul>\n<li>Tusz firmy Brother LC-1240C w kolorze cyan \u2013 opakowanie pojedyncze.<\/li>\n<li>Wydajno\u015b\u0107 druku do 600 stron.<\/li>\n<li><strong>PRODUKTY POKREWNE<br \/>\n<\/strong><span style=\"color: #0000ff;\"><a style=\"font-size: 16px; background-color: #ffffff; color: #0000ff;\" href=\"https:\/\/fhukserodruk.pl\/index.php\/produkt\/brother-dcp-j525-tusze-oryginalne-brother-lc-1220-cmyk-komplet-kopia\/\">&gt; LC-1204 CMYK (komplet)<\/a><\/span><br \/>\n<span style=\"color: #0000ff;\">&gt; <a style=\"color: #0000ff;\" href=\"https:\/\/fhukserodruk.pl\/index.php\/produkt\/brother-dcp-j525-oryginalny-tusz-brother-lc-1240m-magenta\/\"><span style=\"font-size: 16px;\">LC-1240M \u2013 magenta<\/span><\/a><\/span><br \/>\n<a href=\"https:\/\/fhukserodruk.pl\/index.php\/produkt\/brother-dcp-j525-oryginalny-tusz-brother-lc-1240bk-czarny\/\"><span style=\"color: #0000ff;\">&gt; LC-1240BK \u2013 czarny<\/span><\/a><br \/>\n<span style=\"color: #0000ff;\"><a style=\"font-size: 16px; background-color: #ffffff; color: #0000ff;\" href=\"https:\/\/fhukserodruk.pl\/index.php\/produkt\/brother-dcp-j525-oryginalny-zolty-tusz-brother-lc-1240y\/\">&gt; LC-1240Y \u2013 \u017c\u00f3\u0142ty<\/a><\/span><\/li>\n<\/ul>\n","protected":false},"featured_media":3151,"template":"","meta":{"site-sidebar-layout":"default","site-content-layout":"default","ast-site-content-layout":"","site-content-style":"default","site-sidebar-style":"default","ast-global-header-display":"","ast-banner-title-visibility":"","ast-main-header-display":"","ast-hfb-above-header-display":"","ast-hfb-below-header-display":"","ast-hfb-mobile-header-display":"","site-post-title":"","ast-breadcrumbs-content":"","ast-featured-img":"","footer-sml-layout":"","theme-transparent-header-meta":"default","adv-header-id-meta":"","stick-header-meta":"","header-above-stick-meta":"","header-main-stick-meta":"","header-below-stick-meta":"","astra-migrate-meta-layouts":"default","ast-page-background-enabled":"default","ast-page-background-meta":{"desktop":{"background-color":"","background-image":"","background-repeat":"repeat","background-position":"center center","background-size":"auto","background-attachment":"scroll","background-type":"","background-media":"","overlay-type":"","overlay-color":"","overlay-gradient":""},"tablet":{"background-color":"","background-image":"","background-repeat":"repeat","background-position":"center center","background-size":"auto","background-attachment":"scroll","background-type":"","background-media":"","overlay-type":"","overlay-color":"","overlay-gradient":""},"mobile":{"background-color":"","background-image":"","background-repeat":"repeat","background-position":"center center","background-size":"auto","background-attachment":"scroll","background-type":"","background-media":"","overlay-type":"","overlay-color":"","overlay-gradient":""}},"ast-content-background-meta":{"desktop":{"background-color":"var(--ast-global-color-5)","background-image":"","background-repeat":"repeat","background-position":"center center","background-size":"auto","background-attachment":"scroll","background-type":"","background-media":"","overlay-type":"","overlay-color":"","overlay-gradient":""},"tablet":{"background-color":"var(--ast-global-color-5)","background-image":"","background-repeat":"repeat","background-position":"center center","background-size":"auto","background-attachment":"scroll","background-type":"","background-media":"","overlay-type":"","overlay-color":"","overlay-gradient":""},"mobile":{"background-color":"var(--ast-global-color-5)","background-image":"","background-repeat":"repeat","background-position":"center center","background-size":"auto","background-attachment":"scroll","background-type":"","background-media":"","overlay-type":"","overlay-color":"","overlay-gradient":""}}},"product_cat":[24],"product_tag":[],"_links":{"self":[{"href":"https:\/\/fhukserodruk.pl\/index.php\/wp-json\/wp\/v2\/product\/3143"}],"collection":[{"href":"https:\/\/fhukserodruk.pl\/index.php\/wp-json\/wp\/v2\/product"}],"about":[{"href":"https:\/\/fhukserodruk.pl\/index.php\/wp-json\/wp\/v2\/types\/product"}],"version-history":[{"count":10,"href":"https:\/\/fhukserodruk.pl\/index.php\/wp-json\/wp\/v2\/product\/3143\/revisions"}],"predecessor-version":[{"id":3367,"href":"https:\/\/fhukserodruk.pl\/index.php\/wp-json\/wp\/v2\/product\/3143\/revisions\/3367"}],"wp:featuredmedia":[{"embeddable":true,"href":"https:\/\/fhukserodruk.pl\/index.php\/wp-json\/wp\/v2\/media\/3151"}],"wp:attachment":[{"href":"https:\/\/fhukserodruk.pl\/index.php\/wp-json\/wp\/v2\/media?parent=3143"}],"wp:term":[{"taxonomy":"product_cat","embeddable":true,"href":"https:\/\/fhukserodruk.pl\/index.php\/wp-json\/wp\/v2\/product_cat?post=3143"},{"taxonomy":"product_tag","embeddable":true,"href":"https:\/\/fhukserodruk.pl\/index.php\/wp-json\/wp\/v2\/product_tag?post=3143"}],"curies":[{"name":"wp","href":"https:\/\/api.w.org\/{rel}","templated":true}]}}