{"id":3249,"date":"2021-05-27T18:50:50","date_gmt":"2021-05-27T18:50:50","guid":{"rendered":"http:\/\/fhukserodruk.pl\/?post_type=product&#038;p=3249"},"modified":"2021-05-28T00:04:51","modified_gmt":"2021-05-28T00:04:51","slug":"brother-dcp-j525-zamiennik-tusz-cyan-brother-lc-1240c","status":"publish","type":"product","link":"https:\/\/fhukserodruk.pl\/index.php\/produkt\/brother-dcp-j525-zamiennik-tusz-cyan-brother-lc-1240c\/","title":{"rendered":"Brother DCP-J525 &#8211; ZAMIENNIK &#8211; cyan tusz Brother LC-1240C zamiennik"},"content":{"rendered":"<div class=\"col-xs-12 col-sm-6 col-md-12 product-detail--container-description\">\n<section class=\"product-detail--section product-detail--product-description\">\n<div class=\"col-xs-12 col-sm-6 col-md-12 product-detail--container-description\">\n<section class=\"product-detail--section product-detail--product-description\">\n<div class=\"col-xs-12 col-sm-6 col-md-12 product-detail--container-description\">\n<section class=\"product-detail--section product-detail--product-description\">\n<div class=\"col-xs-12 col-sm-6 col-md-12 product-detail--container-description\">\n<section class=\"product-detail--section product-detail--product-description\">\n<div class=\"col-xs-12 col-sm-6 col-md-12 product-detail--container-description\">\n<section class=\"product-detail--section product-detail--product-description\">\n<div class=\"col-xs-12 col-sm-6 col-md-12 product-detail--container-description\">\n<section class=\"product-detail--section product-detail--product-description\">Zamiennik LC-1240C\u00a0 tuszu cyan do drukarek firmy Brother zosta\u0142 opracowany w celu zapewnienia najwy\u017cszej jako\u015bci ka\u017cdego wydruku. Tusz posiada w\u0142a\u015bciwo\u015bci zapobiegaj\u0105ce blakni\u0119ciu, co sprawia, \u017ce kolory s\u0105 \u017cywe i zachowuj\u0105 swoj\u0105 intensywno\u015b\u0107 na d\u0142u\u017cej.<\/section>\n<\/div>\n<div class=\"col-xs-12 col-sm-6 col-md-12 product-detail--container-features\">\n<section class=\"product-detail--section product-detail--key-features\">\n<h4 class=\"product-detail--key-features--title\">G\u0142\u00f3wne cechy<\/h4>\n<ul class=\"tick-list\">\n<li>Wydajno\u015b\u0107 druku do 600 stron zgodnie z norm\u0105 ISO\/IEC 24711<\/li>\n<li>Wysokiej jako\u015bci, zamiennik tuszu firmy Brother<\/li>\n<li style=\"text-align: left;\">Oszcz\u0119dno\u015b\u0107 papieru, czasu i pieni\u0119dzy<\/li>\n<\/ul>\n<p>Przy zamawianiu tuszu do drukarki atramentowej warto polega\u0107 na kartrid\u017cu LC-1240C zamiennik, kt\u00f3ry zapewnia utrzymanie jak najlepszego stanu urz\u0105dzenia i oferuje najwy\u017csz\u0105 jako\u015b\u0107 druku.<span style=\"font-size: 16px;\"><br \/>\n<\/span><span style=\"font-size: 16px;\">Tusz cyan LC-1240C zamiennik zapewnia poprawne funkcjonowanie urz\u0105dzenia gdzie jest zagwarantowany doskona\u0142y stosunek jako\u015bci do ceny. LC-1240C zamiennik to \u015bwietne rozwi\u0105zanie do domu czy ma\u0142ego biura szukaj\u0105cego oszcz\u0119dno\u015bci przy zapewnieniu wysokiej jako\u015bci wydruk\u00f3w.<br \/>\n<\/span><strong style=\"font-size: 16px;\">Tusz pasuje do drukarek:<br \/>\n<\/strong><span style=\"font-size: 16px;\">Brother DCP-J525 W,\u00a0 Brother MFC-J430 W,\u00a0 Brother MFC-J835 DW<br \/>\n<\/span><span style=\"font-size: 16px;\">Brother DCP-J725 DW,\u00a0 Brother MFC-J625 DW<br \/>\n<\/span><span style=\"font-size: 16px;\">Brother DCP-J925 DW,\u00a0 Brother MFC-J825 DW<\/span><\/p>\n<\/section>\n<\/div>\n<\/section>\n<\/div>\n<\/section>\n<\/div>\n<\/section>\n<\/div>\n<\/section>\n<\/div>\n<\/section>\n<\/div>\n","protected":false},"excerpt":{"rendered":"<ul>\n<li>Tusz firmy Brother LC-1240C zamiennik w kolorze cyan \u2013 opakowanie pojedyncze.<\/li>\n<li>Wydajno\u015b\u0107 druku do 600 stron.<\/li>\n<li>\n<div class=\"col-xs-12 col-sm-6 col-md-12 product-detail--container-description\">\n<section class=\"product-detail--section product-detail--product-description\">\n<div class=\"col-xs-12 col-sm-6 col-md-12 product-detail--container-description\">\n<section class=\"product-detail--section product-detail--product-description\">\n<div class=\"col-xs-12 col-sm-6 col-md-12 product-detail--container-description\">\n<section class=\"product-detail--section product-detail--product-description\">\n<div class=\"col-xs-12 col-sm-6 col-md-12 product-detail--container-features\">\n<section class=\"product-detail--section product-detail--key-features\"><strong>PRODUKTY POKREWNE<br \/>\n<a style=\"font-size: 16px; background-color: #ffffff;\" href=\"https:\/\/fhukserodruk.pl\/index.php\/produkt\/brother-dcp-j525-zamiennik-kompet-tuszy-brother-lc-1220-cmyk-zamiennik\/\"><span style=\"color: #0000ff;\">&gt; LC-1204 CMYK (komplet) &#8211; zamiennik<\/span><\/a><br \/>\n<span style=\"color: #0000ff; font-size: 16px;\">&gt; <\/span><a style=\"color: #0000ff;\" href=\"https:\/\/fhukserodruk.pl\/index.php\/produkt\/brother-dcp-j525-zamennik-tusz-brother-lc-1240m-zamiennik-magenta\/\"><span style=\"font-size: 16px;\">LC-1240M \u2013 magenta &#8211; zamiennik<\/span><\/a><br \/>\n<a style=\"font-size: 16px; background-color: #ffffff;\" href=\"https:\/\/fhukserodruk.pl\/index.php\/produkt\/brother-dcp-j525-zamiennik-czarny-tusz-brother-lc-1240bk\/\"><span style=\"color: #0000ff;\">&gt; LC-1240BK \u2013 czarny &#8211; zamiennik<\/span><\/a><br \/>\n<a style=\"font-size: 16px; background-color: #ffffff;\" href=\"https:\/\/fhukserodruk.pl\/index.php\/produkt\/brother-dcp-j525-zamiennik-zolty-tusz-brother-lc-1240y-zamiennik\/\"><span style=\"color: #0000ff;\">&gt; LC-1240Y \u2013 \u017c\u00f3\u0142ty &#8211; zamiennik<\/span><\/a><br \/>\n<\/strong><\/p>\n<\/section>\n<\/div>\n<\/section>\n<\/div>\n<\/section>\n<\/div>\n<\/section>\n<\/div>\n<\/li>\n<\/ul>\n","protected":false},"featured_media":3250,"template":"","meta":{"site-sidebar-layout":"default","site-content-layout":"default","ast-site-content-layout":"","site-content-style":"default","site-sidebar-style":"default","ast-global-header-display":"","ast-banner-title-visibility":"","ast-main-header-display":"","ast-hfb-above-header-display":"","ast-hfb-below-header-display":"","ast-hfb-mobile-header-display":"","site-post-title":"","ast-breadcrumbs-content":"","ast-featured-img":"","footer-sml-layout":"","theme-transparent-header-meta":"default","adv-header-id-meta":"","stick-header-meta":"","header-above-stick-meta":"","header-main-stick-meta":"","header-below-stick-meta":"","astra-migrate-meta-layouts":"default","ast-page-background-enabled":"default","ast-page-background-meta":{"desktop":{"background-color":"","background-image":"","background-repeat":"repeat","background-position":"center center","background-size":"auto","background-attachment":"scroll","background-type":"","background-media":"","overlay-type":"","overlay-color":"","overlay-gradient":""},"tablet":{"background-color":"","background-image":"","background-repeat":"repeat","background-position":"center center","background-size":"auto","background-attachment":"scroll","background-type":"","background-media":"","overlay-type":"","overlay-color":"","overlay-gradient":""},"mobile":{"background-color":"","background-image":"","background-repeat":"repeat","background-position":"center center","background-size":"auto","background-attachment":"scroll","background-type":"","background-media":"","overlay-type":"","overlay-color":"","overlay-gradient":""}},"ast-content-background-meta":{"desktop":{"background-color":"var(--ast-global-color-5)","background-image":"","background-repeat":"repeat","background-position":"center center","background-size":"auto","background-attachment":"scroll","background-type":"","background-media":"","overlay-type":"","overlay-color":"","overlay-gradient":""},"tablet":{"background-color":"var(--ast-global-color-5)","background-image":"","background-repeat":"repeat","background-position":"center center","background-size":"auto","background-attachment":"scroll","background-type":"","background-media":"","overlay-type":"","overlay-color":"","overlay-gradient":""},"mobile":{"background-color":"var(--ast-global-color-5)","background-image":"","background-repeat":"repeat","background-position":"center center","background-size":"auto","background-attachment":"scroll","background-type":"","background-media":"","overlay-type":"","overlay-color":"","overlay-gradient":""}}},"product_cat":[24],"product_tag":[],"_links":{"self":[{"href":"https:\/\/fhukserodruk.pl\/index.php\/wp-json\/wp\/v2\/product\/3249"}],"collection":[{"href":"https:\/\/fhukserodruk.pl\/index.php\/wp-json\/wp\/v2\/product"}],"about":[{"href":"https:\/\/fhukserodruk.pl\/index.php\/wp-json\/wp\/v2\/types\/product"}],"version-history":[{"count":10,"href":"https:\/\/fhukserodruk.pl\/index.php\/wp-json\/wp\/v2\/product\/3249\/revisions"}],"predecessor-version":[{"id":3370,"href":"https:\/\/fhukserodruk.pl\/index.php\/wp-json\/wp\/v2\/product\/3249\/revisions\/3370"}],"wp:featuredmedia":[{"embeddable":true,"href":"https:\/\/fhukserodruk.pl\/index.php\/wp-json\/wp\/v2\/media\/3250"}],"wp:attachment":[{"href":"https:\/\/fhukserodruk.pl\/index.php\/wp-json\/wp\/v2\/media?parent=3249"}],"wp:term":[{"taxonomy":"product_cat","embeddable":true,"href":"https:\/\/fhukserodruk.pl\/index.php\/wp-json\/wp\/v2\/product_cat?post=3249"},{"taxonomy":"product_tag","embeddable":true,"href":"https:\/\/fhukserodruk.pl\/index.php\/wp-json\/wp\/v2\/product_tag?post=3249"}],"curies":[{"name":"wp","href":"https:\/\/api.w.org\/{rel}","templated":true}]}}