{"id":3386,"date":"2021-05-28T10:05:02","date_gmt":"2021-05-28T10:05:02","guid":{"rendered":"http:\/\/fhukserodruk.pl\/?post_type=product&#038;p=3386"},"modified":"2021-05-28T10:20:56","modified_gmt":"2021-05-28T10:20:56","slug":"minolta-bizhub-c220-zamiennik-toner-magenta-tn-216m-zamiennik","status":"publish","type":"product","link":"https:\/\/fhukserodruk.pl\/index.php\/produkt\/minolta-bizhub-c220-zamiennik-toner-magenta-tn-216m-zamiennik\/","title":{"rendered":"Minolta Bizhub C220 ZAMIENNIK toner magenta TN 216M zamiennik"},"content":{"rendered":"<p>Oferowany toner zapewnia wysok\u0105 jako\u015b\u0107 druku a\u00a0 intuicyjna konstrukcja sprawia, \u017ce wymiana tonera jest szybka i \u0142atwa- bez wysi\u0142ku. Dodatkowo ten toner jest zaprojektowany z my\u015bl\u0105 o d\u0142ugiej i bezawaryjnej pracy, dzi\u0119ki najnowszej technologii &#8211; zapewnia poprawno\u015b\u0107 pracy w kserokopiarce, bez konieczno\u015bci resetowanie urz\u0105dzenia. Dzi\u0119ki temu , i\u017c\u00a0\u00a0wydajno\u015b\u0107 tonera wynosi a\u017c 29 000 stron w najwy\u017cszej jako\u015bci druku mo\u017cemy obni\u017cy\u0107 koszt druku nawet przy\u00a0 du\u017cych nak\u0142adach.<br \/>\n<span style=\"font-size: 16px;\">\u00a0 \u00a0 <strong>\u00a0 G\u0142\u00f3wne cechy:<\/strong><\/span><\/p>\n<ul>\n<li><span style=\"font-size: 16px;\">sta\u0142a wydajno\u015b\u0107<\/span><\/li>\n<li>wyj\u0105tkowa jako\u015b\u0107 druku<\/li>\n<li>wyra\u017any tekst i grafika<\/li>\n<li>intensywny kolor<\/li>\n<li>\u0142atwy recykling<\/li>\n<li>Model: TN 216 M zamiennik<\/li>\n<li>Kolor: purpurowy \/ magenta<\/li>\n<li>Wydajno\u015b\u0107:\u00a0<b>do 26 000 stron<\/b>\u00a0przy 5% pokryciu strony A4<\/li>\n<li>Stan: Nowy<\/li>\n<li>Stosowanie naszych zamiennik\u00f3w nie powoduje utraty praw gwarancyjnych urz\u0105dzenia<br \/>\n<strong style=\"font-size: 16px;\">Pasuje do kserokopiarek:<\/strong><\/li>\n<li>Minolta Bizhub C220<\/li>\n<li>Minolta Bizhub C280<\/li>\n<li>Minolta Bizhub C360<\/li>\n<li>Develop Ineo +220<\/li>\n<li>Develop Ineo +280<\/li>\n<li>Develop Ineo +360<\/li>\n<li>Olivetti Lexikon D-COLOR MF220<\/li>\n<li>Olivetti Lexikon D-COLOR MF280<\/li>\n<\/ul>\n","protected":false},"excerpt":{"rendered":"<p><strong>\u00a0Toner\u00a0 Minolta TN-216M magenta zamiennik<\/strong><\/p>\n<ul>\n<li>Ilo\u015b\u0107 w opakowaniu &#8211; 1 szt.<\/li>\n<li>Wydajno\u015b\u0107 do 26.000 stron A4<br \/>\n<strong><strong>Minolta A11G251 (TN216M) magenta zamiennik toner do Konica Minolta Bizhub C220, Konica Minolta Bizhub C280<\/strong><\/strong><\/li>\n<li><strong>PRODUKTY POKREWNE<\/strong>\n<ol>\n<li><span style=\"color: #0000ff;\"><a style=\"color: #0000ff;\" href=\"https:\/\/fhukserodruk.pl\/index.php\/produkt\/minolta-bizhub-c220-zamiennik-toner-zolty-tn-216y-zamiennik\/\">Minolta Bizhub C220 ZAMIENNIK toner\u00a0 yellow TN 216Y zamiennik<\/a><\/span><\/li>\n<li><span style=\"color: #0000ff;\"><a style=\"color: #0000ff;\" href=\"https:\/\/fhukserodruk.pl\/index.php\/produkt\/minolta-bizhub-c220-zamiennik-toner-czarny-tn-216k-zamiennik\/\">Minolta Bizhub C220 ZAMIENNIK toner czarny TN 216K zamiennik<\/a><\/span><\/li>\n<li><span style=\"color: #0000ff;\"><a style=\"color: #0000ff;\" href=\"https:\/\/fhukserodruk.pl\/index.php\/produkt\/minolta-bizhub-c220-zamiennik-toner-cyan-tn-216c-zamiennik\/\">Minolta Bizhub C220 ZAMIENNIK toner cyan TN 216C zamiennik<\/a><\/span><\/li>\n<\/ol>\n<\/li>\n<\/ul>\n","protected":false},"featured_media":3388,"template":"","meta":{"site-sidebar-layout":"default","site-content-layout":"default","ast-site-content-layout":"","site-content-style":"default","site-sidebar-style":"default","ast-global-header-display":"","ast-banner-title-visibility":"","ast-main-header-display":"","ast-hfb-above-header-display":"","ast-hfb-below-header-display":"","ast-hfb-mobile-header-display":"","site-post-title":"","ast-breadcrumbs-content":"","ast-featured-img":"","footer-sml-layout":"","theme-transparent-header-meta":"default","adv-header-id-meta":"","stick-header-meta":"","header-above-stick-meta":"","header-main-stick-meta":"","header-below-stick-meta":"","astra-migrate-meta-layouts":"default","ast-page-background-enabled":"default","ast-page-background-meta":{"desktop":{"background-color":"","background-image":"","background-repeat":"repeat","background-position":"center center","background-size":"auto","background-attachment":"scroll","background-type":"","background-media":"","overlay-type":"","overlay-color":"","overlay-gradient":""},"tablet":{"background-color":"","background-image":"","background-repeat":"repeat","background-position":"center center","background-size":"auto","background-attachment":"scroll","background-type":"","background-media":"","overlay-type":"","overlay-color":"","overlay-gradient":""},"mobile":{"background-color":"","background-image":"","background-repeat":"repeat","background-position":"center center","background-size":"auto","background-attachment":"scroll","background-type":"","background-media":"","overlay-type":"","overlay-color":"","overlay-gradient":""}},"ast-content-background-meta":{"desktop":{"background-color":"var(--ast-global-color-5)","background-image":"","background-repeat":"repeat","background-position":"center center","background-size":"auto","background-attachment":"scroll","background-type":"","background-media":"","overlay-type":"","overlay-color":"","overlay-gradient":""},"tablet":{"background-color":"var(--ast-global-color-5)","background-image":"","background-repeat":"repeat","background-position":"center center","background-size":"auto","background-attachment":"scroll","background-type":"","background-media":"","overlay-type":"","overlay-color":"","overlay-gradient":""},"mobile":{"background-color":"var(--ast-global-color-5)","background-image":"","background-repeat":"repeat","background-position":"center center","background-size":"auto","background-attachment":"scroll","background-type":"","background-media":"","overlay-type":"","overlay-color":"","overlay-gradient":""}}},"product_cat":[36],"product_tag":[],"_links":{"self":[{"href":"https:\/\/fhukserodruk.pl\/index.php\/wp-json\/wp\/v2\/product\/3386"}],"collection":[{"href":"https:\/\/fhukserodruk.pl\/index.php\/wp-json\/wp\/v2\/product"}],"about":[{"href":"https:\/\/fhukserodruk.pl\/index.php\/wp-json\/wp\/v2\/types\/product"}],"version-history":[{"count":2,"href":"https:\/\/fhukserodruk.pl\/index.php\/wp-json\/wp\/v2\/product\/3386\/revisions"}],"predecessor-version":[{"id":3395,"href":"https:\/\/fhukserodruk.pl\/index.php\/wp-json\/wp\/v2\/product\/3386\/revisions\/3395"}],"wp:featuredmedia":[{"embeddable":true,"href":"https:\/\/fhukserodruk.pl\/index.php\/wp-json\/wp\/v2\/media\/3388"}],"wp:attachment":[{"href":"https:\/\/fhukserodruk.pl\/index.php\/wp-json\/wp\/v2\/media?parent=3386"}],"wp:term":[{"taxonomy":"product_cat","embeddable":true,"href":"https:\/\/fhukserodruk.pl\/index.php\/wp-json\/wp\/v2\/product_cat?post=3386"},{"taxonomy":"product_tag","embeddable":true,"href":"https:\/\/fhukserodruk.pl\/index.php\/wp-json\/wp\/v2\/product_tag?post=3386"}],"curies":[{"name":"wp","href":"https:\/\/api.w.org\/{rel}","templated":true}]}}